{"id":4645,"date":"2021-08-02T05:45:51","date_gmt":"2021-08-02T05:45:51","guid":{"rendered":"http:\/\/amiable-test.ch\/?page_id=4645"},"modified":"2025-10-31T21:56:53","modified_gmt":"2025-10-31T21:56:53","slug":"geschaftsbedingungen","status":"publish","type":"page","link":"https:\/\/amiable.ch\/de\/geschaftsbedingungen\/","title":{"rendered":"Gesch\u00e4ftsbedingungen"},"content":{"rendered":"<p><section id=\"bt_bb_section69e8bb01c22db\" class=\"bt_bb_section bt_bb_color_scheme_10 bt_bb_layout_boxed_1200 bt_bb_vertical_align_top bt_bb_top_spacing_large bt_bb_bottom_spacing_large approach-bg\" style=\"background-position: center -100px !important;; --section-primary-color:#ffffff; --section-secondary-color:#00146e;;background-color:#0f1625;\" data-bt-override-class=\"null\"><div class=\"bt_bb_port\"><div class=\"bt_bb_cell\"><div class=\"bt_bb_cell_inner\"><div class=\"bt_bb_row \"  data-bt-override-class=\"{}\"><div class=\"bt_bb_row_holder\" ><div  class=\"bt_bb_column col-xl-2 bt_bb_align_left bt_bb_padding_normal\"  data-width=\"2\" data-bt-override-class=\"{}\"><div class=\"bt_bb_column_content bt_bb_vertical_align_top bt_bb_color_scheme_\"><div class=\"bt_bb_column_content_inner\"><\/div><\/div><\/div><div  class=\"bt_bb_column col-xl-8 bt_bb_align_center bt_bb_padding_normal bt_bb_animation_fade_in animate\"  data-width=\"8\" data-bt-override-class=\"{}\"><div class=\"bt_bb_column_content bt_bb_vertical_align_bottom bt_bb_color_scheme_\"><div class=\"bt_bb_column_content_inner\"><div class=\"bt_bb_separator bt_bb_border_style_none bt_bb_bottom_spacing_medium bt_bb_hidden_xs bt_bb_hidden_ms bt_bb_hidden_sm\" data-bt-override-class=\"null\"><\/div><header class=\"bt_bb_headline bt_bb_color_scheme_6 bt_bb_dash_none bt_bb_size_extralarge bt_bb_align_inherit\" style=\"text-shadow: 1px 1px 5px rgba(0,0,0,0.5); --primary-color:#ffffff; --secondary-color:#0530f1;\" data-bt-override-class=\"{}\"><h2 class=\"bt_bb_headline_tag\"><span class=\"bt_bb_headline_content\"><span>Allgemeine Gesch\u00e4ftsbedingungen<\/span><\/span><\/h2><\/header><div class=\"bt_bb_separator bt_bb_border_style_none bt_bb_bottom_spacing_large bt_bb_hidden_xs bt_bb_hidden_ms bt_bb_hidden_sm\" data-bt-override-class=\"null\"><\/div><\/div><\/div><\/div><div  class=\"bt_bb_column col-xl-2 bt_bb_align_left bt_bb_padding_normal bt_bb_animation_fade_in bt_bb_animation_move_left animate\"  data-width=\"2\" data-bt-override-class=\"{}\"><div class=\"bt_bb_column_content bt_bb_vertical_align_middle bt_bb_color_scheme_\"><div class=\"bt_bb_column_content_inner\"><\/div><\/div><\/div><\/div><\/div><\/div><!-- cell_inner --><\/div><!-- cell --><\/div><!-- port --><\/section><section id=\"bt_bb_section69e8bb01c2a4a\" class=\"bt_bb_section bt_bb_layout_boxed_1200 bt_bb_vertical_align_top bt_bb_top_spacing_large bt_bb_bottom_spacing_large approach-bg\" style=\"background-position: center -100px !important;\" data-bt-override-class=\"null\"><div class=\"bt_bb_port\"><div class=\"bt_bb_cell\"><div class=\"bt_bb_cell_inner\"><div class=\"bt_bb_row \"  data-bt-override-class=\"{}\"><div class=\"bt_bb_row_holder\" ><div  class=\"bt_bb_column col-xl-2 bt_bb_align_left bt_bb_padding_normal\"  data-width=\"2\" data-bt-override-class=\"{}\"><div class=\"bt_bb_column_content bt_bb_vertical_align_top bt_bb_color_scheme_\"><div class=\"bt_bb_column_content_inner\"><\/div><\/div><\/div><div  class=\"bt_bb_column col-xl-8 bt_bb_align_left bt_bb_padding_normal bt_bb_animation_fade_in animate\"  data-width=\"8\" data-bt-override-class=\"{}\"><div class=\"bt_bb_column_content bt_bb_vertical_align_bottom bt_bb_color_scheme_\"><div class=\"bt_bb_column_content_inner\"><div  class=\"bt_bb_text\" ><\/p>\n<p style=\"text-align: left;\">Die vorliegenden allgemeinen Gesch\u00e4ftsbedingungen gelten f\u00fcr die Nutzung von einvernehmliche-scheidung.ch.<\/p>\n<p>\n<\/div><header class=\"bt_bb_headline bt_bb_color_scheme_4 bt_bb_dash_none bt_bb_size_small bt_bb_align_left\" style=\"margin: 24px 0 16px; --primary-color:#0530f1; --secondary-color:#ffffff;\" data-bt-override-class=\"{}\"><h2 class=\"bt_bb_headline_tag\"><span class=\"bt_bb_headline_content\"><span>Rechtliche und berufsethische Kriterien<\/span><\/span><\/h2><\/header><div  class=\"bt_bb_text\" ><\/p>\n<p>einvernehmliche-scheidung.ch garantiert die Konformit\u00e4t seiner Dienstleistungen mit den gesetzlichen Bestimmungen sowie mit den berufsethischen Bestimmungen des Schweizerischen Dachverband Mediation (SDM).<\/p>\n<p>Beschwerden \u00fcber unsere Mediationsleistungen k\u00f6nnen an die Ombudsstelle des Schweizerischen Dachverband Mediation (SDM) herangetragen werden.<\/p>\n<p>\n<\/div><header class=\"bt_bb_headline bt_bb_color_scheme_4 bt_bb_dash_none bt_bb_size_small bt_bb_align_inherit\" style=\"margin: 24px 0 16px; --primary-color:#0530f1; --secondary-color:#ffffff;\" data-bt-override-class=\"{}\"><h2 class=\"bt_bb_headline_tag\"><span class=\"bt_bb_headline_content\"><span>Verantwortung und Garantie<\/span><\/span><\/h2><\/header><div  class=\"bt_bb_text\" ><\/p>\n<p>einvernehmliche-scheidung.ch lehnt jegliche Verantwortung im Falle von Sch\u00e4den ab, die mit den angebotenen Diensten zusammenh\u00e4ngen. Insbesondere im Zusammenhang mit nicht zur Kenntnis gebrachten Tatsachen, im Falle von zus\u00e4tzlichen rechtlichen Verfahren oder Kosten nach dem Zustandekommen einer Vereinbarung mit einvernehmliche-scheidung.ch bei Nichteinhaltung der Vereinbarungen durch eine Partei, usw.<\/p>\n<p>einvernehmliche-scheidung.ch bietet seinen Kunden modernste Expertise im Bereich Konfliktpr\u00e4vention und -bew\u00e4ltigung. Allerdings kann weder die L\u00f6sung von Konflikten, noch der Abschluss einer Vereinbarung, noch das einvernehmliche Scheidungs- oder Trennungsurteil von einvernehmliche-scheidung.ch garantiert werden.<\/p>\n<p>einvernehmliche-scheidung.ch lehnt jede Verantwortung f\u00fcr den Inhalt und die Vollst\u00e4ndigkeit der auf einvernehmliche-scheidung.ch ver\u00f6ffentlichten Informationen ab.<\/p>\n<p>einvernehmliche-scheidung.ch lehnt jede Verantwortung bez\u00fcglich verlinkter Websiten Dritter ab.<\/p>\n<p>\n<\/div><header class=\"bt_bb_headline bt_bb_color_scheme_4 bt_bb_dash_none bt_bb_size_small bt_bb_align_inherit\" style=\"margin: 24px 0 16px; --primary-color:#0530f1; --secondary-color:#ffffff;\" data-bt-override-class=\"{}\"><h2 class=\"bt_bb_headline_tag\"><span class=\"bt_bb_headline_content\"><span>Preise und Zahlungsprozess<\/span><\/span><\/h2><\/header><div  class=\"bt_bb_text\" ><\/p>\n<p>einvernehmliche-scheidung.ch bietet einen Service zur Erstellung einer vollst\u00e4ndigen Trennungs- oder Scheidungskonvention an. Je nach gew\u00e4hltem Angebot ist dabei eine bestimmte Anzahl Stunden pro Dossier inbegriffen. Jede Informationsrecherche (z. B. zum Ausf\u00fcllen leerer Felder im Formular) oder sonstige zus\u00e4tzliche Aufgabe im Zusammenhang mit dem Dossier (z. B. Rechtsberatung, Mediation, Dokumentensammlung, Berechnung von Unterhaltsbeitr\u00e4gen usw.) wird von der verf\u00fcgbaren Stundenanzahl abgezogen. Sind die inbegriffenen Stunden aufgebraucht, werden zus\u00e4tzliche Stunden zum Tarif von CHF 220.\u2013\/h verrechnet.<\/p>\n<p data-start=\"598\" data-end=\"1015\" data-is-last-node=\"\" data-is-only-node=\"\">Die Zahlung ist f\u00e4llig, sobald das Dossier am Ende des Formulars definitiv \u00fcbermittelt wurde. Die auf amiable.ch angegebenen Preise verstehen sich exklusive Mehrwertsteuer. Beide Ehegatten haften solidarisch f\u00fcr die Begleichung s\u00e4mtlicher ausgestellter Rechnungen. Jede an einen Ehegatten ausgestellte Rechnung verpflichtet somit auch den anderen, sofern nicht ausdr\u00fccklich schriftlich etwas anderes vereinbart wurde.<\/p>\n<p>\n<\/div><header data-bb-version=\"5.1.3\" class=\"bt_bb_headline bt_bb_color_scheme_4 bt_bb_dash_none bt_bb_size_small bt_bb_align_inherit\" style=\"; --primary-color:#0530f1; --secondary-color:#ffffff;\" data-bt-override-class=\"{&quot;bt_bb_size_&quot;:{&quot;current_class&quot;:&quot;bt_bb_size_small&quot;,&quot;xxl&quot;:&quot;small&quot;},&quot;bt_bb_align_&quot;:{&quot;current_class&quot;:&quot;bt_bb_align_inherit&quot;,&quot;xxl&quot;:&quot;inherit&quot;}}\"><h2 class=\"bt_bb_headline_tag\"><span class=\"bt_bb_headline_content\"><span>Sammlung und Verwendung von pers\u00f6nlichen Daten<\/span><\/span><\/h2><\/header><div  class=\"bt_bb_text\" ><\/p>\n<p>Wenn Sie sich auf einvernehmliche-scheidung.ch registrieren oder unsere Dienstleistungen nutzen, stimmen Sie ausdr\u00fccklich zu, dass wir Ihre pers\u00f6nlichen Daten, einschliesslich sensibler Daten, gem\u00e4ss den geltenden Schweizer Vorschriften erfassen, speichern und verarbeiten. Diese Daten werden ausschliesslich zu dem Zweck erhoben, unsere Mediations- und juristischen Dienstleistungen bereitzustellen und st\u00e4ndig deren Qualit\u00e4t zu verbessern. Wir behalten uns auch das Recht vor, Sie telefonisch, per Email oder \u00fcber unseren Newsletter zu kontaktieren, um Sie \u00fcber unsere Dienstleistungen oder andere relevante Informationen zu informieren. Indem Sie diese Allgemeinen Gesch\u00e4ftsbedingungen akzeptieren, geben Sie Ihre Zustimmung zur Verwendung Ihrer Daten f\u00fcr diese spezifischen Zwecke. Wir verpflichten uns, die Vertraulichkeit Ihrer Informationen zu gew\u00e4hrleisten und sie niemals ohne Ihre ausdr\u00fcckliche Zustimmung an Dritte weiterzugeben.<\/p>\n<p>\n<\/div><header data-bb-version=\"5.1.3\" class=\"bt_bb_headline bt_bb_color_scheme_4 bt_bb_dash_none bt_bb_size_small bt_bb_align_inherit\" style=\"margin: 24px 0 16px; --primary-color:#0530f1; --secondary-color:#ffffff;\" data-bt-override-class=\"{&quot;bt_bb_size_&quot;:{&quot;current_class&quot;:&quot;bt_bb_size_small&quot;,&quot;xxl&quot;:&quot;small&quot;},&quot;bt_bb_align_&quot;:{&quot;current_class&quot;:&quot;bt_bb_align_inherit&quot;,&quot;xxl&quot;:&quot;inherit&quot;}}\"><h2 class=\"bt_bb_headline_tag\"><span class=\"bt_bb_headline_content\"><span>Elektronische Mitteilungen<\/span><\/span><\/h2><\/header><div  class=\"bt_bb_text\" ><\/p>\n<p>Nach der Erstellung ihres Kontos erhalten die Nutzer automatisch einen Newsletter per E-Mail sowie Benachrichtigungen \u00fcber neue Inhalte, Beitr\u00e4ge oder sonstige Neuerungen.<br data-start=\"304\" data-end=\"307\" \/>Die Nutzer k\u00f6nnen diese Mitteilungen jederzeit \u00fcber ihre pers\u00f6nlichen Einstellungen im Benutzerkonto verwalten oder deaktivieren, oder sich \u00fcber den Abmeldelink in jeder Nachricht davon abmelden.<\/p>\n<p>\n<\/div><header class=\"bt_bb_headline bt_bb_color_scheme_4 bt_bb_dash_none bt_bb_size_small bt_bb_align_inherit\" style=\"margin: 24px 0 16px; --primary-color:#0530f1; --secondary-color:#ffffff;\" data-bt-override-class=\"{}\"><h2 class=\"bt_bb_headline_tag\"><span class=\"bt_bb_headline_content\"><span>\u00c4nderungen der Bedingungen<\/span><\/span><\/h2><\/header><div  class=\"bt_bb_text\" ><\/p>\n<div>einvernehmliche-scheidung.ch beh\u00e4lt sich das Recht vor, die vorliegenden allgemeinen Gesch\u00e4ftsbedingungen jederzeit zu \u00e4ndern.<\/div>\n<p>\n<\/div><header class=\"bt_bb_headline bt_bb_color_scheme_4 bt_bb_dash_none bt_bb_size_small bt_bb_align_inherit\" style=\"margin: 24px 0 16px; --primary-color:#0530f1; --secondary-color:#ffffff;\" data-bt-override-class=\"{}\"><h2 class=\"bt_bb_headline_tag\"><span class=\"bt_bb_headline_content\"><span>Anwendbares Recht und Gerichtsstand<\/span><\/span><\/h2><\/header><div  class=\"bt_bb_text\" ><\/p>\n<p>Es gilt Schweizer Recht. Der Gerichtsstand ist Morges.<\/p>\n<p>\n<\/div><\/div><\/div><\/div><div  class=\"bt_bb_column col-xl-2 bt_bb_align_left bt_bb_padding_normal bt_bb_animation_fade_in bt_bb_animation_move_left animate\"  data-width=\"2\" data-bt-override-class=\"{}\"><div class=\"bt_bb_column_content bt_bb_vertical_align_middle bt_bb_color_scheme_\"><div class=\"bt_bb_column_content_inner\"><\/div><\/div><\/div><\/div><\/div><\/div><!-- cell_inner --><\/div><!-- cell --><\/div><!-- port --><\/section><\/p>\n","protected":false},"excerpt":{"rendered":"","protected":false},"author":20,"featured_media":0,"parent":0,"menu_order":0,"comment_status":"closed","ping_status":"closed","template":"","meta":{"_acf_changed":false,"_monsterinsights_skip_tracking":false,"_monsterinsights_sitenote_active":false,"_monsterinsights_sitenote_note":"","_monsterinsights_sitenote_category":0,"_locale":"de_DE","_original_post":"http:\/\/demo.wpmonsters.org\/separate\/?page_id=4286","footnotes":""},"class_list":["post-4645","page","type-page","status-publish","hentry","de-DE"],"acf":[],"yoast_head":"<!-- This site is optimized with the Yoast SEO Premium plugin v25.5 (Yoast SEO v25.5) - https:\/\/yoast.com\/wordpress\/plugins\/seo\/ -->\n<title>Gesch\u00e4ftsbedingungen - amiable.ch<\/title>\n<meta name=\"robots\" content=\"index, follow, max-snippet:-1, max-image-preview:large, max-video-preview:-1\" \/>\n<link rel=\"canonical\" href=\"https:\/\/amiable.ch\/de\/geschaftsbedingungen\/\" \/>\n<meta property=\"og:locale\" content=\"de_DE\" \/>\n<meta property=\"og:type\" content=\"article\" \/>\n<meta property=\"og:title\" content=\"Gesch\u00e4ftsbedingungen\" \/>\n<meta property=\"og:url\" content=\"https:\/\/amiable.ch\/de\/geschaftsbedingungen\/\" \/>\n<meta property=\"og:site_name\" content=\"amiable.ch\" \/>\n<meta property=\"article:modified_time\" content=\"2025-10-31T21:56:53+00:00\" \/>\n<meta name=\"twitter:card\" content=\"summary_large_image\" \/>\n<meta name=\"twitter:label1\" content=\"Gesch\u00e4tzte Lesezeit\" \/>\n\t<meta name=\"twitter:data1\" content=\"5\u00a0Minuten\" \/>\n<script type=\"application\/ld+json\" class=\"yoast-schema-graph\">{\"@context\":\"https:\/\/schema.org\",\"@graph\":[{\"@type\":\"WebPage\",\"@id\":\"https:\/\/amiable.ch\/de\/geschaftsbedingungen\/\",\"url\":\"https:\/\/amiable.ch\/de\/geschaftsbedingungen\/\",\"name\":\"Gesch\u00e4ftsbedingungen - amiable.ch\",\"isPartOf\":{\"@id\":\"https:\/\/amiable.ch\/de\/#website\"},\"datePublished\":\"2021-08-02T05:45:51+00:00\",\"dateModified\":\"2025-10-31T21:56:53+00:00\",\"breadcrumb\":{\"@id\":\"https:\/\/amiable.ch\/de\/geschaftsbedingungen\/#breadcrumb\"},\"inLanguage\":\"de\",\"potentialAction\":[{\"@type\":\"ReadAction\",\"target\":[\"https:\/\/amiable.ch\/de\/geschaftsbedingungen\/\"]}]},{\"@type\":\"BreadcrumbList\",\"@id\":\"https:\/\/amiable.ch\/de\/geschaftsbedingungen\/#breadcrumb\",\"itemListElement\":[{\"@type\":\"ListItem\",\"position\":1,\"name\":\"Home\",\"item\":\"https:\/\/amiable.ch\/de\/\"},{\"@type\":\"ListItem\",\"position\":2,\"name\":\"Gesch\u00e4ftsbedingungen\"}]},{\"@type\":\"WebSite\",\"@id\":\"https:\/\/amiable.ch\/de\/#website\",\"url\":\"https:\/\/amiable.ch\/de\/\",\"name\":\"amiable.ch\",\"description\":\"\",\"potentialAction\":[{\"@type\":\"SearchAction\",\"target\":{\"@type\":\"EntryPoint\",\"urlTemplate\":\"https:\/\/amiable.ch\/de\/?s={search_term_string}\"},\"query-input\":{\"@type\":\"PropertyValueSpecification\",\"valueRequired\":true,\"valueName\":\"search_term_string\"}}],\"inLanguage\":\"de\"},{\"@type\":\"ImageObject\",\"inLanguage\":\"de\",\"@id\":\"https:\/\/amiable.ch\/de\/geschaftsbedingungen\/#local-main-organization-logo\",\"url\":\"\",\"contentUrl\":\"\",\"caption\":\"amiable.ch\"}]}<\/script>\n<meta name=\"geo.placename\" content=\"Morges\" \/>\n<meta name=\"geo.region\" content=\"Schweiz\" \/>\n<!-- \/ Yoast SEO Premium plugin. -->","yoast_head_json":{"title":"Gesch\u00e4ftsbedingungen - amiable.ch","robots":{"index":"index","follow":"follow","max-snippet":"max-snippet:-1","max-image-preview":"max-image-preview:large","max-video-preview":"max-video-preview:-1"},"canonical":"https:\/\/amiable.ch\/de\/geschaftsbedingungen\/","og_locale":"de_DE","og_type":"article","og_title":"Gesch\u00e4ftsbedingungen","og_url":"https:\/\/amiable.ch\/de\/geschaftsbedingungen\/","og_site_name":"amiable.ch","article_modified_time":"2025-10-31T21:56:53+00:00","twitter_card":"summary_large_image","twitter_misc":{"Gesch\u00e4tzte Lesezeit":"5\u00a0Minuten"},"schema":{"@context":"https:\/\/schema.org","@graph":[{"@type":"WebPage","@id":"https:\/\/amiable.ch\/de\/geschaftsbedingungen\/","url":"https:\/\/amiable.ch\/de\/geschaftsbedingungen\/","name":"Gesch\u00e4ftsbedingungen - amiable.ch","isPartOf":{"@id":"https:\/\/amiable.ch\/de\/#website"},"datePublished":"2021-08-02T05:45:51+00:00","dateModified":"2025-10-31T21:56:53+00:00","breadcrumb":{"@id":"https:\/\/amiable.ch\/de\/geschaftsbedingungen\/#breadcrumb"},"inLanguage":"de","potentialAction":[{"@type":"ReadAction","target":["https:\/\/amiable.ch\/de\/geschaftsbedingungen\/"]}]},{"@type":"BreadcrumbList","@id":"https:\/\/amiable.ch\/de\/geschaftsbedingungen\/#breadcrumb","itemListElement":[{"@type":"ListItem","position":1,"name":"Home","item":"https:\/\/amiable.ch\/de\/"},{"@type":"ListItem","position":2,"name":"Gesch\u00e4ftsbedingungen"}]},{"@type":"WebSite","@id":"https:\/\/amiable.ch\/de\/#website","url":"https:\/\/amiable.ch\/de\/","name":"amiable.ch","description":"","potentialAction":[{"@type":"SearchAction","target":{"@type":"EntryPoint","urlTemplate":"https:\/\/amiable.ch\/de\/?s={search_term_string}"},"query-input":{"@type":"PropertyValueSpecification","valueRequired":true,"valueName":"search_term_string"}}],"inLanguage":"de"},{"@type":"ImageObject","inLanguage":"de","@id":"https:\/\/amiable.ch\/de\/geschaftsbedingungen\/#local-main-organization-logo","url":"","contentUrl":"","caption":"amiable.ch"}]},"geo.placename":"Morges","geo.region":"Schweiz"},"_links":{"self":[{"href":"https:\/\/amiable.ch\/wp-json\/wp\/v2\/pages\/4645","targetHints":{"allow":["GET"]}}],"collection":[{"href":"https:\/\/amiable.ch\/wp-json\/wp\/v2\/pages"}],"about":[{"href":"https:\/\/amiable.ch\/wp-json\/wp\/v2\/types\/page"}],"author":[{"embeddable":true,"href":"https:\/\/amiable.ch\/wp-json\/wp\/v2\/users\/20"}],"replies":[{"embeddable":true,"href":"https:\/\/amiable.ch\/wp-json\/wp\/v2\/comments?post=4645"}],"version-history":[{"count":14,"href":"https:\/\/amiable.ch\/wp-json\/wp\/v2\/pages\/4645\/revisions"}],"predecessor-version":[{"id":9030,"href":"https:\/\/amiable.ch\/wp-json\/wp\/v2\/pages\/4645\/revisions\/9030"}],"wp:attachment":[{"href":"https:\/\/amiable.ch\/wp-json\/wp\/v2\/media?parent=4645"}],"curies":[{"name":"wp","href":"https:\/\/api.w.org\/{rel}","templated":true}]}}