{"id":4651,"date":"2021-08-02T06:49:15","date_gmt":"2021-08-02T06:49:15","guid":{"rendered":"http:\/\/amiable-test.ch\/?page_id=4651"},"modified":"2021-08-30T12:03:12","modified_gmt":"2021-08-30T12:03:12","slug":"ein-innovativer-und-zukunftsweisender-ansatz-in-der-schweiz","status":"publish","type":"page","link":"https:\/\/amiable.ch\/de\/ein-innovativer-und-zukunftsweisender-ansatz-in-der-schweiz\/","title":{"rendered":"Ein innovativer und zukunftsweisender Ansatz in der Schweiz!"},"content":{"rendered":"<p><section id=\"bt_bb_section69e3485ae2df9\" class=\"bt_bb_section bt_bb_color_scheme_10 bt_bb_layout_boxed_1200 bt_bb_vertical_align_top bt_bb_top_spacing_large bt_bb_bottom_spacing_large approach-bg\" style=\"; --section-primary-color:#ffffff; --section-secondary-color:#00146e;\" data-bt-override-class=\"null\"><div class=\"bt_bb_background_image_holder_wrapper\"><div class=\"bt_bb_background_image_holder\"  data-parallax-zoom-start=\"1\" data-parallax-zoom-end=\"1\" data-parallax-blur-start=\"0\" data-parallax-blur-end=\"0\" data-parallax-opacity-start=\"1\" data-parallax-opacity-end=\"1\" style=\" background-image:url(&#039;https:\/\/amiable.ch\/wp-content\/uploads\/2020\/11\/Center_une-approcheInnovante-scaled.jpg&#039;);\"><\/div><\/div><div class=\"bt_bb_port\"><div class=\"bt_bb_cell\"><div class=\"bt_bb_cell_inner\"><div class=\"bt_bb_row \"  data-bt-override-class=\"{}\"><div class=\"bt_bb_row_holder\" ><div  class=\"bt_bb_column col-xl-2 bt_bb_align_left bt_bb_padding_normal\"  data-width=\"2\" data-bt-override-class=\"{}\"><div class=\"bt_bb_column_content bt_bb_vertical_align_top bt_bb_color_scheme_\"><div class=\"bt_bb_column_content_inner\"><\/div><\/div><\/div><div  class=\"bt_bb_column col-xl-8 bt_bb_align_center bt_bb_padding_normal bt_bb_animation_fade_in animate\"  data-width=\"8\" data-bt-override-class=\"{}\"><div class=\"bt_bb_column_content bt_bb_vertical_align_bottom bt_bb_color_scheme_\"><div class=\"bt_bb_column_content_inner\"><div class=\"bt_bb_separator bt_bb_border_style_none bt_bb_bottom_spacing_medium bt_bb_hidden_xs bt_bb_hidden_ms bt_bb_hidden_sm\" data-bt-override-class=\"null\"><\/div><header class=\"bt_bb_headline contain-long-words bt_bb_color_scheme_6 bt_bb_dash_none bt_bb_size_extralarge bt_bb_align_inherit contain-long-words\" style=\"text-shadow: 1px 1px 5px rgba(0,0,0,0.5); --primary-color:#ffffff; --secondary-color:#0530f1;\" data-bt-override-class=\"{}\"><h2 class=\"bt_bb_headline_tag\"><span class=\"bt_bb_headline_content\"><span>Ein innovativer und zukunftsweisender Ansatz in der Schweiz!<\/span><\/span><\/h2><\/header><div class=\"bt_bb_separator bt_bb_border_style_none bt_bb_bottom_spacing_large bt_bb_hidden_xs bt_bb_hidden_ms bt_bb_hidden_sm\" data-bt-override-class=\"null\"><\/div><\/div><\/div><\/div><div  class=\"bt_bb_column col-xl-2 bt_bb_align_left bt_bb_padding_normal bt_bb_animation_fade_in bt_bb_animation_move_left animate\"  data-width=\"2\" data-bt-override-class=\"{}\"><div class=\"bt_bb_column_content bt_bb_vertical_align_middle bt_bb_color_scheme_\"><div class=\"bt_bb_column_content_inner\"><\/div><\/div><\/div><\/div><\/div><\/div><!-- cell_inner --><\/div><!-- cell --><\/div><!-- port --><\/section><section id=\"bt_bb_section69e3485ae3589\" class=\"bt_bb_section bt_bb_layout_boxed_1200 bt_bb_vertical_align_top bt_bb_top_spacing_large content-list\"  data-bt-override-class=\"null\"><div class=\"bt_bb_port\"><div class=\"bt_bb_cell\"><div class=\"bt_bb_cell_inner\"><div class=\"bt_bb_row \"  data-bt-override-class=\"{}\"><div class=\"bt_bb_row_holder\" ><div  class=\"bt_bb_column col-xl-6 bt_bb_align_left bt_bb_padding_normal bt_bb_animation_fade_in animate\"  data-width=\"6\" data-bt-override-class=\"{}\"><div class=\"bt_bb_column_content bt_bb_vertical_align_top bt_bb_color_scheme_\"><div class=\"bt_bb_column_content_inner\"><div  class=\"bt_bb_text\" ><\/p>\n<p>Seit mehr als zehn Jahren f\u00fchren wir Trennungs- und Scheidungsmediationen durch. Nat\u00fcrlich pr\u00e4sentiert sich die Situation von Paar zu Paar unterschiedlich. Manche F\u00e4lle brauchen nur Unterst\u00fctzung, um die notwendigen Papiere f\u00fcr das Gericht zu erstellen, andere brauchen ein Gespr\u00e4ch, um sich \u00fcber bestimmte Aspekte der Trennung oder Scheidung zu einigen. Wieder andere k\u00f6nnen sich vielleicht nur auf einen Teil einigen und lassen unsere Juristen eine L\u00f6sung vorschlagen oder \u00fcberlassen offene Punkte dem Gericht.<\/p>\n<p>Dank diverser Erfahrung haben wir ein innovatives, schrittweises Vorgehen entwickelt, das sich Ihrer individuellen Situation anpasst. Dieser dynamische Ansatz erm\u00f6glicht es uns, Kosten zu senken und Ihnen einen in der Schweiz \u00e4usserst wettbewerbsf\u00e4higen Tarif anzubieten.<\/p>\n<p>\n<\/div><\/div><\/div><\/div><div  class=\"bt_bb_column col-xl-6 bt_bb_align_left bt_bb_padding_normal bt_bb_animation_fade_in animate\"  data-width=\"6\" data-bt-override-class=\"{}\"><div class=\"bt_bb_column_content bt_bb_vertical_align_top bt_bb_color_scheme_\"><div class=\"bt_bb_column_content_inner\"><div  class=\"bt_bb_text\" ><\/p>\n<p>Bei der Eingabe Ihrer Daten haben Sie die M\u00f6glichkeit anzugeben, ob Sie eine Mediation oder einen Vorschlag durch unsere Juristen w\u00fcnschen, oder sogar stufenweise vorzugehen, d.h. mit der Mediation zu beginnen und ggf. einen Vorschlag durch unsere Juristen einzuholen.<\/p>\n<p>Unser Ansatz erm\u00f6glicht es Ihnen, die L\u00f6sung zu w\u00e4hlen, die Ihren Bed\u00fcrfnissen gerecht wird, sowie den k\u00fcrzesten und kosteng\u00fcnstigsten Prozess f\u00fcr Ihre Situation darstellt.<\/p>\n<p>\n<\/div><div class=\"bt_bb_separator bt_bb_border_style_none bt_bb_top_spacing_extra_small bt_bb_bottom_spacing_normal\" data-bt-override-class=\"null\"><\/div><div class=\"bt_bb_link bt_bb_style_arrow\"><a href=\"\/de\/register\" target=\"_self\" class=\"bt_bb_link_content\" title=\"\u00d6ffnen Sie jetzt Ihr Dossier\"><span class=\"bt_bb_link_text\">\u00d6ffnen Sie jetzt Ihr Dossier<\/span><\/a><\/div><\/div><\/div><\/div><\/div><\/div><\/div><!-- cell_inner --><\/div><!-- cell --><\/div><!-- port --><\/section><section id=\"bt_bb_section69e3485ae3edb\" class=\"bt_bb_section bt_bb_layout_boxed_1200 bt_bb_vertical_align_top bt_bb_top_spacing_normal bt_bb_bottom_spacing_large content-list\"  data-bt-override-class=\"null\"><div class=\"bt_bb_port\"><div class=\"bt_bb_cell\"><div class=\"bt_bb_cell_inner\"><div class=\"bt_bb_row \"  data-bt-override-class=\"{}\"><div class=\"bt_bb_row_holder\" ><div  class=\"bt_bb_column col-xl-6 bt_bb_align_center bt_bb_padding_normal bt_bb_animation_fade_in animate\"  data-width=\"6\" data-bt-override-class=\"{}\"><div class=\"bt_bb_column_content bt_bb_vertical_align_top bt_bb_color_scheme_\"><div class=\"bt_bb_column_content_inner\"><div class=\"bt_bb_separator bt_bb_border_style_none bt_bb_bottom_spacing_normal\" data-bt-override-class=\"null\"><\/div><\/div><\/div><\/div><div  class=\"bt_bb_column col-xl-6 bt_bb_align_left bt_bb_padding_normal bt_bb_animation_fade_in animate\"  data-width=\"6\" data-bt-override-class=\"{}\"><div class=\"bt_bb_column_content bt_bb_vertical_align_top bt_bb_color_scheme_\"><div class=\"bt_bb_column_content_inner\"><\/div><\/div><\/div><\/div><\/div><\/div><!-- cell_inner --><\/div><!-- cell --><\/div><!-- port --><\/section><\/p>\n","protected":false},"excerpt":{"rendered":"","protected":false},"author":20,"featured_media":0,"parent":0,"menu_order":0,"comment_status":"closed","ping_status":"closed","template":"","meta":{"_acf_changed":false,"_monsterinsights_skip_tracking":false,"_monsterinsights_sitenote_active":false,"_monsterinsights_sitenote_note":"","_monsterinsights_sitenote_category":0,"_locale":"de_DE","_original_post":"http:\/\/demo.wpmonsters.org\/separate\/?page_id=3991","footnotes":""},"class_list":["post-4651","page","type-page","status-publish","hentry","de-DE"],"acf":[],"yoast_head":"<!-- This site is optimized with the Yoast SEO Premium plugin v25.5 (Yoast SEO v25.5) - https:\/\/yoast.com\/wordpress\/plugins\/seo\/ -->\n<title>Ein innovativer und zukunftsweisender Ansatz in der Schweiz! - amiable.ch<\/title>\n<meta name=\"robots\" content=\"index, follow, max-snippet:-1, max-image-preview:large, max-video-preview:-1\" \/>\n<link rel=\"canonical\" href=\"https:\/\/amiable.ch\/de\/ein-innovativer-und-zukunftsweisender-ansatz-in-der-schweiz\/\" \/>\n<meta property=\"og:locale\" content=\"de_DE\" \/>\n<meta property=\"og:type\" content=\"article\" \/>\n<meta property=\"og:title\" content=\"Ein innovativer und zukunftsweisender Ansatz in der Schweiz!\" \/>\n<meta property=\"og:url\" content=\"https:\/\/amiable.ch\/de\/ein-innovativer-und-zukunftsweisender-ansatz-in-der-schweiz\/\" \/>\n<meta property=\"og:site_name\" content=\"amiable.ch\" \/>\n<meta property=\"article:modified_time\" content=\"2021-08-30T12:03:12+00:00\" \/>\n<meta name=\"twitter:card\" content=\"summary_large_image\" \/>\n<meta name=\"twitter:label1\" content=\"Gesch\u00e4tzte Lesezeit\" \/>\n\t<meta name=\"twitter:data1\" content=\"5\u00a0Minuten\" \/>\n<script type=\"application\/ld+json\" class=\"yoast-schema-graph\">{\"@context\":\"https:\/\/schema.org\",\"@graph\":[{\"@type\":\"WebPage\",\"@id\":\"https:\/\/amiable.ch\/de\/ein-innovativer-und-zukunftsweisender-ansatz-in-der-schweiz\/\",\"url\":\"https:\/\/amiable.ch\/de\/ein-innovativer-und-zukunftsweisender-ansatz-in-der-schweiz\/\",\"name\":\"Ein innovativer und zukunftsweisender Ansatz in der Schweiz! - amiable.ch\",\"isPartOf\":{\"@id\":\"https:\/\/amiable.ch\/de\/#website\"},\"datePublished\":\"2021-08-02T06:49:15+00:00\",\"dateModified\":\"2021-08-30T12:03:12+00:00\",\"breadcrumb\":{\"@id\":\"https:\/\/amiable.ch\/de\/ein-innovativer-und-zukunftsweisender-ansatz-in-der-schweiz\/#breadcrumb\"},\"inLanguage\":\"de\",\"potentialAction\":[{\"@type\":\"ReadAction\",\"target\":[\"https:\/\/amiable.ch\/de\/ein-innovativer-und-zukunftsweisender-ansatz-in-der-schweiz\/\"]}]},{\"@type\":\"BreadcrumbList\",\"@id\":\"https:\/\/amiable.ch\/de\/ein-innovativer-und-zukunftsweisender-ansatz-in-der-schweiz\/#breadcrumb\",\"itemListElement\":[{\"@type\":\"ListItem\",\"position\":1,\"name\":\"Home\",\"item\":\"https:\/\/amiable.ch\/de\/\"},{\"@type\":\"ListItem\",\"position\":2,\"name\":\"Ein innovativer und zukunftsweisender Ansatz in der Schweiz!\"}]},{\"@type\":\"WebSite\",\"@id\":\"https:\/\/amiable.ch\/de\/#website\",\"url\":\"https:\/\/amiable.ch\/de\/\",\"name\":\"amiable.ch\",\"description\":\"\",\"potentialAction\":[{\"@type\":\"SearchAction\",\"target\":{\"@type\":\"EntryPoint\",\"urlTemplate\":\"https:\/\/amiable.ch\/de\/?s={search_term_string}\"},\"query-input\":{\"@type\":\"PropertyValueSpecification\",\"valueRequired\":true,\"valueName\":\"search_term_string\"}}],\"inLanguage\":\"de\"},{\"@type\":\"ImageObject\",\"inLanguage\":\"de\",\"@id\":\"https:\/\/amiable.ch\/de\/ein-innovativer-und-zukunftsweisender-ansatz-in-der-schweiz\/#local-main-organization-logo\",\"url\":\"\",\"contentUrl\":\"\",\"caption\":\"amiable.ch\"}]}<\/script>\n<meta name=\"geo.placename\" content=\"Morges\" \/>\n<meta name=\"geo.region\" content=\"Schweiz\" \/>\n<!-- \/ Yoast SEO Premium plugin. -->","yoast_head_json":{"title":"Ein innovativer und zukunftsweisender Ansatz in der Schweiz! - amiable.ch","robots":{"index":"index","follow":"follow","max-snippet":"max-snippet:-1","max-image-preview":"max-image-preview:large","max-video-preview":"max-video-preview:-1"},"canonical":"https:\/\/amiable.ch\/de\/ein-innovativer-und-zukunftsweisender-ansatz-in-der-schweiz\/","og_locale":"de_DE","og_type":"article","og_title":"Ein innovativer und zukunftsweisender Ansatz in der Schweiz!","og_url":"https:\/\/amiable.ch\/de\/ein-innovativer-und-zukunftsweisender-ansatz-in-der-schweiz\/","og_site_name":"amiable.ch","article_modified_time":"2021-08-30T12:03:12+00:00","twitter_card":"summary_large_image","twitter_misc":{"Gesch\u00e4tzte Lesezeit":"5\u00a0Minuten"},"schema":{"@context":"https:\/\/schema.org","@graph":[{"@type":"WebPage","@id":"https:\/\/amiable.ch\/de\/ein-innovativer-und-zukunftsweisender-ansatz-in-der-schweiz\/","url":"https:\/\/amiable.ch\/de\/ein-innovativer-und-zukunftsweisender-ansatz-in-der-schweiz\/","name":"Ein innovativer und zukunftsweisender Ansatz in der Schweiz! - amiable.ch","isPartOf":{"@id":"https:\/\/amiable.ch\/de\/#website"},"datePublished":"2021-08-02T06:49:15+00:00","dateModified":"2021-08-30T12:03:12+00:00","breadcrumb":{"@id":"https:\/\/amiable.ch\/de\/ein-innovativer-und-zukunftsweisender-ansatz-in-der-schweiz\/#breadcrumb"},"inLanguage":"de","potentialAction":[{"@type":"ReadAction","target":["https:\/\/amiable.ch\/de\/ein-innovativer-und-zukunftsweisender-ansatz-in-der-schweiz\/"]}]},{"@type":"BreadcrumbList","@id":"https:\/\/amiable.ch\/de\/ein-innovativer-und-zukunftsweisender-ansatz-in-der-schweiz\/#breadcrumb","itemListElement":[{"@type":"ListItem","position":1,"name":"Home","item":"https:\/\/amiable.ch\/de\/"},{"@type":"ListItem","position":2,"name":"Ein innovativer und zukunftsweisender Ansatz in der Schweiz!"}]},{"@type":"WebSite","@id":"https:\/\/amiable.ch\/de\/#website","url":"https:\/\/amiable.ch\/de\/","name":"amiable.ch","description":"","potentialAction":[{"@type":"SearchAction","target":{"@type":"EntryPoint","urlTemplate":"https:\/\/amiable.ch\/de\/?s={search_term_string}"},"query-input":{"@type":"PropertyValueSpecification","valueRequired":true,"valueName":"search_term_string"}}],"inLanguage":"de"},{"@type":"ImageObject","inLanguage":"de","@id":"https:\/\/amiable.ch\/de\/ein-innovativer-und-zukunftsweisender-ansatz-in-der-schweiz\/#local-main-organization-logo","url":"","contentUrl":"","caption":"amiable.ch"}]},"geo.placename":"Morges","geo.region":"Schweiz"},"_links":{"self":[{"href":"https:\/\/amiable.ch\/wp-json\/wp\/v2\/pages\/4651","targetHints":{"allow":["GET"]}}],"collection":[{"href":"https:\/\/amiable.ch\/wp-json\/wp\/v2\/pages"}],"about":[{"href":"https:\/\/amiable.ch\/wp-json\/wp\/v2\/types\/page"}],"author":[{"embeddable":true,"href":"https:\/\/amiable.ch\/wp-json\/wp\/v2\/users\/20"}],"replies":[{"embeddable":true,"href":"https:\/\/amiable.ch\/wp-json\/wp\/v2\/comments?post=4651"}],"version-history":[{"count":12,"href":"https:\/\/amiable.ch\/wp-json\/wp\/v2\/pages\/4651\/revisions"}],"predecessor-version":[{"id":4860,"href":"https:\/\/amiable.ch\/wp-json\/wp\/v2\/pages\/4651\/revisions\/4860"}],"wp:attachment":[{"href":"https:\/\/amiable.ch\/wp-json\/wp\/v2\/media?parent=4651"}],"curies":[{"name":"wp","href":"https:\/\/api.w.org\/{rel}","templated":true}]}}