{"id":4659,"date":"2021-08-02T08:57:18","date_gmt":"2021-08-02T08:57:18","guid":{"rendered":"http:\/\/amiable-test.ch\/?page_id=4659"},"modified":"2022-04-15T10:25:19","modified_gmt":"2022-04-15T10:25:19","slug":"online-trennen-oder-scheiden-lassen-old","status":"publish","type":"page","link":"https:\/\/amiable.ch\/de\/online-trennen-oder-scheiden-lassen-old\/","title":{"rendered":"Online trennen oder scheiden lassen?"},"content":{"rendered":"<p><section id=\"bt_bb_section69e08c01b96fb\" class=\"bt_bb_section bt_bb_color_scheme_10 bt_bb_layout_boxed_1200 bt_bb_vertical_align_top bt_bb_top_spacing_large bt_bb_bottom_spacing_large\" style=\"; --section-primary-color:#ffffff; --section-secondary-color:#00146e;;background-color:#0f1625;\" data-bt-override-class=\"null\"><div class=\"bt_bb_port\"><div class=\"bt_bb_cell\"><div class=\"bt_bb_cell_inner\"><div class=\"bt_bb_row \"  data-bt-override-class=\"{}\"><div class=\"bt_bb_row_holder\" ><div  class=\"bt_bb_column col-xl-2 bt_bb_align_left bt_bb_padding_normal\"  data-width=\"2\" data-bt-override-class=\"{}\"><div class=\"bt_bb_column_content bt_bb_vertical_align_top bt_bb_color_scheme_\"><div class=\"bt_bb_column_content_inner\"><\/div><\/div><\/div><div  class=\"bt_bb_column col-xl-8 bt_bb_align_center bt_bb_padding_normal bt_bb_animation_fade_in animate\"  data-width=\"8\" data-bt-override-class=\"{}\"><div class=\"bt_bb_column_content bt_bb_vertical_align_bottom bt_bb_color_scheme_\"><div class=\"bt_bb_column_content_inner\"><div class=\"bt_bb_separator bt_bb_border_style_none bt_bb_bottom_spacing_medium bt_bb_hidden_xs bt_bb_hidden_ms bt_bb_hidden_sm\" data-bt-override-class=\"null\"><\/div><header class=\"bt_bb_headline bt_bb_color_scheme_6 bt_bb_dash_none bt_bb_size_extralarge bt_bb_align_inherit\" style=\"; --primary-color:#ffffff; --secondary-color:#0530f1;\" data-bt-override-class=\"{}\"><h2 class=\"bt_bb_headline_tag\"><span class=\"bt_bb_headline_content\"><span>Online trennen oder scheiden lassen?<\/span><\/span><\/h2><\/header><div class=\"bt_bb_separator bt_bb_border_style_none bt_bb_bottom_spacing_large bt_bb_hidden_xs bt_bb_hidden_ms bt_bb_hidden_sm\" data-bt-override-class=\"null\"><\/div><\/div><\/div><\/div><div  class=\"bt_bb_column col-xl-2 bt_bb_align_left bt_bb_padding_normal bt_bb_animation_fade_in bt_bb_animation_move_left animate\"  data-width=\"2\" data-bt-override-class=\"{}\"><div class=\"bt_bb_column_content bt_bb_vertical_align_middle bt_bb_color_scheme_\"><div class=\"bt_bb_column_content_inner\"><\/div><\/div><\/div><\/div><\/div><\/div><!-- cell_inner --><\/div><!-- cell --><\/div><!-- port --><\/section><section id=\"bt_bb_section69e08c01b9e28\" class=\"bt_bb_section bt_bb_layout_boxed_1200 bt_bb_vertical_align_top bt_bb_top_spacing_large bt_bb_bottom_spacing_large content-list\"  data-bt-override-class=\"null\"><div class=\"bt_bb_port\"><div class=\"bt_bb_cell\"><div class=\"bt_bb_cell_inner\"><div class=\"bt_bb_row \"  data-bt-override-class=\"{}\"><div class=\"bt_bb_row_holder\" ><div  class=\"bt_bb_column col-xl-6 bt_bb_align_left bt_bb_padding_normal bt_bb_animation_fade_in animate\"  data-width=\"6\" data-bt-override-class=\"{}\"><div class=\"bt_bb_column_content bt_bb_vertical_align_top bt_bb_color_scheme_\"><div class=\"bt_bb_column_content_inner\"><div  class=\"bt_bb_text\" ><\/p>\n<div style=\"text-align: left;\">Um eine Trennung oder Scheidung auszusprechen, ratifiziert das Gericht die von vereidigten MediatorInnen erarbeitete Vereinbarung. Hierf\u00fcr ben\u00f6tigen wir Ihre pers\u00f6nlichen Angaben und Ihre Anliegen bez\u00fcglich der Abmachungen. Dazu geh\u00f6ren gemeinsame elterliche und finanzielle Angelegenheiten sowie bestimmte andere Punkte, wie z. B. die Aufteilung des gemeinsamen Guthabens. Auch andere, nicht gesetzlich vorgeschriebene Angelegenheiten k\u00f6nnen in der Vereinbarung festgelegt werden, z. B. das Verh\u00e4ltnis der Kinder zu den Gro\u00dfeltern usw.<\/div>\n<p>\n<\/div><div class=\"bt_bb_separator bt_bb_border_style_none bt_bb_bottom_spacing_normal\" data-bt-override-class=\"null\"><\/div><header class=\"bt_bb_headline bt_bb_color_scheme_14 bt_bb_dash_none bt_bb_superheadline bt_bb_size_medium bt_bb_align_inherit btNoHeadline\" style=\"text-transform: uppercase;; --primary-color:#00146e; --secondary-color:#0530f1;\" data-bt-override-class=\"{}\"><h4 class=\"bt_bb_headline_tag\"><span class=\"bt_bb_headline_superheadline\">F\u00dcR DIE GEMEINSAME ELTERNSCHAFT:<\/span><\/h4><\/header><div  class=\"bt_bb_text\" ><\/p>\n<ul>\n<li style=\"text-align: left;\">Die Zuweisung der elterlichen Sorge<\/li>\n<li style=\"text-align: left;\">Die Obhut und Besuchsrecht<\/li>\n<li style=\"text-align: left;\">Der Wohnsitz der Kinder<\/li>\n<\/ul>\n<p>\n<\/div><div class=\"bt_bb_separator bt_bb_border_style_none bt_bb_bottom_spacing_normal\" data-bt-override-class=\"null\"><\/div><header class=\"bt_bb_headline bt_bb_color_scheme_14 bt_bb_dash_none bt_bb_superheadline bt_bb_size_medium bt_bb_align_inherit btNoHeadline\" style=\"text-transform: uppercase;; --primary-color:#00146e; --secondary-color:#0530f1;\" data-bt-override-class=\"{}\"><h4 class=\"bt_bb_headline_tag\"><span class=\"bt_bb_headline_superheadline\">F\u00dcR FINANZIELLE ANGELEGENHEITEN:<\/span><\/h4><\/header><div  class=\"bt_bb_text\" ><\/p>\n<ul>\n<li style=\"text-align: left;\">Aufteilung der zweiten S\u00e4ule (im Falle einer Scheidung)<\/li>\n<li style=\"text-align: left;\">Aufl\u00f6sung des G\u00fcterstandes und Aufteilung des Verm\u00f6gens (im Falle einer Scheidung, provisorisch auch im Falle einer Trennung m\u00f6glich)<\/li>\n<li style=\"text-align: left;\">Der Unterhalt der Kinder<\/li>\n<li style=\"text-align: left;\">Der Unterhalt der Ehegatten<\/li>\n<\/ul>\n<p>\n<\/div><\/div><\/div><\/div><div  class=\"bt_bb_column col-xl-6 bt_bb_align_left bt_bb_padding_normal bt_bb_animation_fade_in animate\"  data-width=\"6\" data-bt-override-class=\"{}\"><div class=\"bt_bb_column_content bt_bb_vertical_align_top bt_bb_color_scheme_\"><div class=\"bt_bb_column_content_inner\"><div class=\"bt_bb_separator bt_bb_border_style_none bt_bb_bottom_spacing_15 bt_bb_hidden_md bt_bb_hidden_lg\" data-bt-override-class=\"null\"><\/div><div  class=\"bt_bb_text\" ><\/p>\n<p style=\"text-align: left;\"><span style=\"font-weight: 400; color: #0530f1;\">Je nach Einigungsgrad reicht die Eingabe Ihrer Daten online damit wir die Vereinbarung erstellen und an das zust\u00e4ndige Gericht senden k\u00f6nnen. Sie werden dann zu einer Scheidungsverhandlung vorgeladen. Im Falle einer Trennung wird das Gericht in den meisten F\u00e4llen und auf Antrag die Trennung auch ohne m\u00fcndliche Verhandlung aussprechen.<\/span><\/p>\n<p>\n<\/div><div class=\"bt_bb_separator bt_bb_border_style_none bt_bb_top_spacing_extra_small bt_bb_bottom_spacing_normal\" data-bt-override-class=\"null\"><\/div><div class=\"bt_bb_link bt_bb_style_arrow\"><a href=\"\/de\/ein-innovativer-und-zukunftsweisender-ansatz-in-der-schweiz\/\" target=\"_self\" class=\"bt_bb_link_content\" title=\"Lesen Sie mehr \u00fcber unseren innovativen und zukunftsweisenden Ansatz.\"><span class=\"bt_bb_link_text\">Lesen Sie mehr \u00fcber unseren innovativen und zukunftsweisenden Ansatz.<\/span><\/a><\/div><\/div><\/div><\/div><\/div><\/div><\/div><!-- cell_inner --><\/div><!-- cell --><\/div><!-- port --><\/section><\/p>\n","protected":false},"excerpt":{"rendered":"","protected":false},"author":20,"featured_media":0,"parent":0,"menu_order":0,"comment_status":"closed","ping_status":"closed","template":"","meta":{"_acf_changed":false,"_monsterinsights_skip_tracking":false,"_monsterinsights_sitenote_active":false,"_monsterinsights_sitenote_note":"","_monsterinsights_sitenote_category":0,"_locale":"de_DE","_original_post":"http:\/\/demo.wpmonsters.org\/separate\/?page_id=3978","footnotes":""},"class_list":["post-4659","page","type-page","status-publish","hentry","de-DE"],"acf":[],"yoast_head":"<!-- This site is optimized with the Yoast SEO Premium plugin v25.5 (Yoast SEO v25.5) - https:\/\/yoast.com\/wordpress\/plugins\/seo\/ -->\n<title>Online trennen oder scheiden lassen? - amiable.ch<\/title>\n<meta name=\"robots\" content=\"index, follow, max-snippet:-1, max-image-preview:large, max-video-preview:-1\" \/>\n<link rel=\"canonical\" href=\"https:\/\/amiable.ch\/de\/online-trennen-oder-scheiden-lassen-old\/\" \/>\n<meta property=\"og:locale\" content=\"de_DE\" \/>\n<meta property=\"og:type\" content=\"article\" \/>\n<meta property=\"og:title\" content=\"Online trennen oder scheiden lassen?\" \/>\n<meta property=\"og:url\" content=\"https:\/\/amiable.ch\/de\/online-trennen-oder-scheiden-lassen-old\/\" \/>\n<meta property=\"og:site_name\" content=\"amiable.ch\" \/>\n<meta property=\"article:modified_time\" content=\"2022-04-15T10:25:19+00:00\" \/>\n<meta name=\"twitter:card\" content=\"summary_large_image\" \/>\n<meta name=\"twitter:label1\" content=\"Gesch\u00e4tzte Lesezeit\" \/>\n\t<meta name=\"twitter:data1\" content=\"5\u00a0Minuten\" \/>\n<script type=\"application\/ld+json\" class=\"yoast-schema-graph\">{\"@context\":\"https:\/\/schema.org\",\"@graph\":[{\"@type\":\"WebPage\",\"@id\":\"https:\/\/amiable.ch\/de\/online-trennen-oder-scheiden-lassen-old\/\",\"url\":\"https:\/\/amiable.ch\/de\/online-trennen-oder-scheiden-lassen-old\/\",\"name\":\"Online trennen oder scheiden lassen? - amiable.ch\",\"isPartOf\":{\"@id\":\"https:\/\/amiable.ch\/de\/#website\"},\"datePublished\":\"2021-08-02T08:57:18+00:00\",\"dateModified\":\"2022-04-15T10:25:19+00:00\",\"breadcrumb\":{\"@id\":\"https:\/\/amiable.ch\/de\/online-trennen-oder-scheiden-lassen-old\/#breadcrumb\"},\"inLanguage\":\"de\",\"potentialAction\":[{\"@type\":\"ReadAction\",\"target\":[\"https:\/\/amiable.ch\/de\/online-trennen-oder-scheiden-lassen-old\/\"]}]},{\"@type\":\"BreadcrumbList\",\"@id\":\"https:\/\/amiable.ch\/de\/online-trennen-oder-scheiden-lassen-old\/#breadcrumb\",\"itemListElement\":[{\"@type\":\"ListItem\",\"position\":1,\"name\":\"Home\",\"item\":\"https:\/\/amiable.ch\/de\/\"},{\"@type\":\"ListItem\",\"position\":2,\"name\":\"Online trennen oder scheiden lassen?\"}]},{\"@type\":\"WebSite\",\"@id\":\"https:\/\/amiable.ch\/de\/#website\",\"url\":\"https:\/\/amiable.ch\/de\/\",\"name\":\"amiable.ch\",\"description\":\"\",\"potentialAction\":[{\"@type\":\"SearchAction\",\"target\":{\"@type\":\"EntryPoint\",\"urlTemplate\":\"https:\/\/amiable.ch\/de\/?s={search_term_string}\"},\"query-input\":{\"@type\":\"PropertyValueSpecification\",\"valueRequired\":true,\"valueName\":\"search_term_string\"}}],\"inLanguage\":\"de\"},{\"@type\":\"ImageObject\",\"inLanguage\":\"de\",\"@id\":\"https:\/\/amiable.ch\/de\/online-trennen-oder-scheiden-lassen-old\/#local-main-organization-logo\",\"url\":\"\",\"contentUrl\":\"\",\"caption\":\"amiable.ch\"}]}<\/script>\n<meta name=\"geo.placename\" content=\"Morges\" \/>\n<meta name=\"geo.region\" content=\"Schweiz\" \/>\n<!-- \/ Yoast SEO Premium plugin. -->","yoast_head_json":{"title":"Online trennen oder scheiden lassen? - amiable.ch","robots":{"index":"index","follow":"follow","max-snippet":"max-snippet:-1","max-image-preview":"max-image-preview:large","max-video-preview":"max-video-preview:-1"},"canonical":"https:\/\/amiable.ch\/de\/online-trennen-oder-scheiden-lassen-old\/","og_locale":"de_DE","og_type":"article","og_title":"Online trennen oder scheiden lassen?","og_url":"https:\/\/amiable.ch\/de\/online-trennen-oder-scheiden-lassen-old\/","og_site_name":"amiable.ch","article_modified_time":"2022-04-15T10:25:19+00:00","twitter_card":"summary_large_image","twitter_misc":{"Gesch\u00e4tzte Lesezeit":"5\u00a0Minuten"},"schema":{"@context":"https:\/\/schema.org","@graph":[{"@type":"WebPage","@id":"https:\/\/amiable.ch\/de\/online-trennen-oder-scheiden-lassen-old\/","url":"https:\/\/amiable.ch\/de\/online-trennen-oder-scheiden-lassen-old\/","name":"Online trennen oder scheiden lassen? - amiable.ch","isPartOf":{"@id":"https:\/\/amiable.ch\/de\/#website"},"datePublished":"2021-08-02T08:57:18+00:00","dateModified":"2022-04-15T10:25:19+00:00","breadcrumb":{"@id":"https:\/\/amiable.ch\/de\/online-trennen-oder-scheiden-lassen-old\/#breadcrumb"},"inLanguage":"de","potentialAction":[{"@type":"ReadAction","target":["https:\/\/amiable.ch\/de\/online-trennen-oder-scheiden-lassen-old\/"]}]},{"@type":"BreadcrumbList","@id":"https:\/\/amiable.ch\/de\/online-trennen-oder-scheiden-lassen-old\/#breadcrumb","itemListElement":[{"@type":"ListItem","position":1,"name":"Home","item":"https:\/\/amiable.ch\/de\/"},{"@type":"ListItem","position":2,"name":"Online trennen oder scheiden lassen?"}]},{"@type":"WebSite","@id":"https:\/\/amiable.ch\/de\/#website","url":"https:\/\/amiable.ch\/de\/","name":"amiable.ch","description":"","potentialAction":[{"@type":"SearchAction","target":{"@type":"EntryPoint","urlTemplate":"https:\/\/amiable.ch\/de\/?s={search_term_string}"},"query-input":{"@type":"PropertyValueSpecification","valueRequired":true,"valueName":"search_term_string"}}],"inLanguage":"de"},{"@type":"ImageObject","inLanguage":"de","@id":"https:\/\/amiable.ch\/de\/online-trennen-oder-scheiden-lassen-old\/#local-main-organization-logo","url":"","contentUrl":"","caption":"amiable.ch"}]},"geo.placename":"Morges","geo.region":"Schweiz"},"_links":{"self":[{"href":"https:\/\/amiable.ch\/wp-json\/wp\/v2\/pages\/4659","targetHints":{"allow":["GET"]}}],"collection":[{"href":"https:\/\/amiable.ch\/wp-json\/wp\/v2\/pages"}],"about":[{"href":"https:\/\/amiable.ch\/wp-json\/wp\/v2\/types\/page"}],"author":[{"embeddable":true,"href":"https:\/\/amiable.ch\/wp-json\/wp\/v2\/users\/20"}],"replies":[{"embeddable":true,"href":"https:\/\/amiable.ch\/wp-json\/wp\/v2\/comments?post=4659"}],"version-history":[{"count":11,"href":"https:\/\/amiable.ch\/wp-json\/wp\/v2\/pages\/4659\/revisions"}],"predecessor-version":[{"id":4983,"href":"https:\/\/amiable.ch\/wp-json\/wp\/v2\/pages\/4659\/revisions\/4983"}],"wp:attachment":[{"href":"https:\/\/amiable.ch\/wp-json\/wp\/v2\/media?parent=4659"}],"curies":[{"name":"wp","href":"https:\/\/api.w.org\/{rel}","templated":true}]}}