{"id":5834,"date":"2022-04-15T10:26:24","date_gmt":"2022-04-15T10:26:24","guid":{"rendered":"http:\/\/amiable-test.ch\/?page_id=5834"},"modified":"2022-06-20T09:41:41","modified_gmt":"2022-06-20T09:41:41","slug":"online-scheidung","status":"publish","type":"page","link":"https:\/\/amiable.ch\/de\/online-scheidung\/","title":{"rendered":"Online trennen oder scheiden lassen"},"content":{"rendered":"<p><section id=\"bt_bb_section69e8bb3b7e170\" class=\"bt_bb_section bt_bb_color_scheme_10 bt_bb_layout_boxed_1200 bt_bb_vertical_align_top bt_bb_top_spacing_large bt_bb_bottom_spacing_large\" style=\"; --section-primary-color:#ffffff; --section-secondary-color:#00146e;;background-color:#0f1625;\" data-bt-override-class=\"null\"><div class=\"bt_bb_port\"><div class=\"bt_bb_cell\"><div class=\"bt_bb_cell_inner\"><div class=\"bt_bb_row \"  data-bt-override-class=\"{}\"><div class=\"bt_bb_row_holder\" ><div  class=\"bt_bb_column col-xl-2 bt_bb_align_left bt_bb_padding_normal\"  data-width=\"2\" data-bt-override-class=\"{}\"><div class=\"bt_bb_column_content bt_bb_vertical_align_top bt_bb_color_scheme_\"><div class=\"bt_bb_column_content_inner\"><\/div><\/div><\/div><div  class=\"bt_bb_column col-xl-8 bt_bb_align_center bt_bb_padding_normal bt_bb_animation_fade_in animate\"  data-width=\"8\" data-bt-override-class=\"{}\"><div class=\"bt_bb_column_content bt_bb_vertical_align_bottom bt_bb_color_scheme_\"><div class=\"bt_bb_column_content_inner\"><div class=\"bt_bb_separator bt_bb_border_style_none bt_bb_bottom_spacing_large bt_bb_hidden_xs bt_bb_hidden_ms bt_bb_hidden_sm\" data-bt-override-class=\"null\"><\/div><header class=\"bt_bb_headline bt_bb_color_scheme_6 bt_bb_dash_none bt_bb_size_extralarge bt_bb_align_inherit\" style=\"; --primary-color:#ffffff; --secondary-color:#0530f1;\" data-bt-override-class=\"{}\"><h2 class=\"bt_bb_headline_tag\"><span class=\"bt_bb_headline_content\"><span>Online scheiden lassen<\/span><\/span><\/h2><\/header><div class=\"bt_bb_separator bt_bb_border_style_none bt_bb_bottom_spacing_large bt_bb_hidden_xs bt_bb_hidden_ms bt_bb_hidden_sm\" data-bt-override-class=\"null\"><\/div><\/div><\/div><\/div><div  class=\"bt_bb_column col-xl-2 bt_bb_align_left bt_bb_padding_normal bt_bb_animation_fade_in bt_bb_animation_move_left animate\"  data-width=\"2\" data-bt-override-class=\"{}\"><div class=\"bt_bb_column_content bt_bb_vertical_align_middle bt_bb_color_scheme_\"><div class=\"bt_bb_column_content_inner\"><\/div><\/div><\/div><\/div><\/div><\/div><!-- cell_inner --><\/div><!-- cell --><\/div><!-- port --><\/section><section id=\"bt_bb_section69e8bb3b7e9e2\" class=\"bt_bb_section bt_bb_layout_boxed_1200 bt_bb_vertical_align_top bt_bb_top_spacing_large bt_bb_bottom_spacing_large\"  data-bt-override-class=\"null\"><div class=\"bt_bb_port\"><div class=\"bt_bb_cell\"><div class=\"bt_bb_cell_inner\"><div class=\"bt_bb_row \"  data-bt-override-class=\"{}\"><div class=\"bt_bb_row_holder\" ><div  class=\"bt_bb_column col-xl-6 bt_bb_align_left bt_bb_padding_normal\"  data-width=\"6\" data-bt-override-class=\"{}\"><div class=\"bt_bb_column_content bt_bb_vertical_align_top bt_bb_color_scheme_\"><div class=\"bt_bb_column_content_inner\"><div  class=\"bt_bb_text\" style=\"margin-bottom: 24px;\"><\/p>\n<h1 style=\"color: #0000ff; font-size: 25px;\">Online scheiden lassen<\/h1>\n<p><span style=\"font-weight: 400;\">Spezialist der Online Scheidung. Seit mehr als zehn Jahren sind wir in der Trennungs- und Scheidungsmediationspraxis aktiv. Offensichtlich variiert die Situation von einem Paar zum n\u00e4chsten. <\/span><span style=\"font-weight: 400;\">Manche F\u00e4lle brauchen nur Unterst\u00fctzung, um die notwendigen Papiere f\u00fcr das Gericht zu erstellen, andere brauchen ein Gespr\u00e4ch, um sich \u00fcber bestimmte Aspekte der Trennung oder Scheidung zu einigen. Wieder andere schaffen es, sich nur auf einen Teil zu einigen und lassen unsere Juristen\/Juristinnen eine L\u00f6sung vorschlagen oder \u00fcberlassen offene Punkte dem Gericht.<\/span><\/p>\n<p><span style=\"font-weight: 400;\">Wir haben online einen innovativen Ansatz nach einem Stufenmodell entwickelt, der sich an jede individuelle Situation anpasst. Dieser dynamische Ansatz erm\u00f6glicht es uns, die Kosten zu senken und Ihnen eine konkurrenzlos g\u00fcnstige Tarifgestaltung anzubieten.<\/span><\/p>\n<p>\n<\/div><div  class=\"bt_bb_text\" ><\/p>\n<p><span style=\"font-weight: 400;\">W\u00e4hrend Sie Ihre Daten registrieren haben Sie die M\u00f6glichkeit anzugeben, ob Sie eine Mediation oder einen Vorschlag unserer Juristen\/Juristinnen w\u00fcnschen. Des Weiteren haben Sie auch die M\u00f6glichkeit nach dem Stufenmodell vorzugehen, was konkret bedeutet, dass Sie mit einer Mediation beginnen und im Anschluss einen Vorschlag unserer Juristen\/Juristinnen erhalten, falls n\u00f6tig.<\/span><\/p>\n<p><span style=\"font-weight: 400;\">Unser Ansatz erm\u00f6glicht es Ihnen, die passendste L\u00f6sung f\u00fcr Ihre Bed\u00fcrfnisse, f\u00fcr Ihre einvernehmliche Scheidung, so wie das schnellste und kosteng\u00fcnstigste Verfahren in Ihrer Situation zu w\u00e4hlen.<\/span><\/p>\n<p><a style=\"font-weight: 400;\" href=\"einvernehmliche-scheidung.ch\">einvernehmliche-scheidung.ch<\/a><span style=\"font-weight: 400;\"> erm\u00f6glicht es Ihnen, in unser B\u00fcro nach Morges zu kommen, damit wir Ihnen pers\u00f6nlich bei Ihrer Trennung oder Scheidung zur Seite stehen. <\/span><a style=\"font-weight: 400;\" href=\"einvernehmliche-scheidung.ch\">einvernehmliche-scheidung.ch<\/a><span style=\"font-weight: 400;\"> erm\u00f6glicht es Ihnen aber auch, ausschliesslich online vorzugehen. Dies gilt sogar f\u00fcr die Beratung, welche sich beispielsweise per Videokonferenz abspielen kann.<\/span><\/p>\n<p>\n<\/div><div class=\"bt_bb_separator bt_bb_border_style_none bt_bb_top_spacing_medium\" data-bt-override-class=\"null\"><\/div><\/div><\/div><\/div><div  class=\"bt_bb_column col-xl-6 bt_bb_align_left bt_bb_padding_normal\"  data-width=\"6\" data-bt-override-class=\"{}\"><div class=\"bt_bb_column_content bt_bb_vertical_align_top bt_bb_color_scheme_\"><div class=\"bt_bb_column_content_inner\"><div  class=\"bt_bb_text\" ><\/p>\n<h2 style=\"color: #0000ff; font-size: 20px;\">Wie l\u00e4sst man sich online scheiden? Wie l\u00e4uft eine Trennung online ab?<\/h2>\n<p><span style=\"font-weight: 400;\">Je nach Ihrer individuellen Situation, reicht die Online-Eingabe Ihrer Daten aus. Sie f\u00fcllen die Informationen Schritt f\u00fcr Schritt aus. Sie werden durch die einzelnen Schritte gef\u00fchrt. Im Anschluss verfassen wir die Konvention, welche dann an das Gericht weitergeleitet wird. Um ein Trennungsurteil oder ein Scheidungsurteil auszusprechen, ratifiziert das Gericht die durch die vereidigten Mediatoren\/Mediatorinnen verfasste Konvention. Somit ist es m\u00f6glich, Ihre Trennung oder Scheidung von A bis Z ausschliesslich online mit <\/span><a style=\"font-weight: 400;\" href=\"einvernehmliche-scheidung.ch\">einvernehmliche-scheidung.ch<\/a><span style=\"font-weight: 400;\"> durchzuf\u00fchren. Dies geschieht mit der Begleitung von professionellen Mediatoren\/Mediatorinnen und spezialisierten Juristen\/Juristinnen, die Ihren Fall genau verfolgen und mit Ihnen Kontakt aufnehmen, damit der Vorgang Ihren Bed\u00fcrfnissen entspricht. Eine maximale Flexibilit\u00e4t wird Ihnen garantiert. Unser Team passt sich Ihren Bed\u00fcrfnissen und Ihren Ressourcen an. Alles ist vom Anfang bis zum Ende der Schritte bearbeitbar. Sie k\u00f6nnen online beginnen und im Folgenden entscheiden, sich vor Ort zu treffen oder auch umgekehrt. Die einzigen Grenzen bilden die Schranken der Rechtsordnung, wobei gewisse Elemente respektiert werden m\u00fcssen, vor allem in Bezug auf die Konvention, welche das Gericht ratifiziert. Unsere Juristen\/Juristinnen sind dazu da, um sicherzustellen, dass alles im gesetzlichen Rahmen, sowie nach den Usancen der Beh\u00f6rden erfolgt, indem auf die regionalen Spezifit\u00e4ten geachtet wird.<\/span><\/p>\n<p><span style=\"font-weight: 400;\">Um dies tun zu k\u00f6nnen ben\u00f6tigen wir Ihre pers\u00f6nlichen Daten und Ihre W\u00fcnsche bez\u00fcglich der Folgen einer Trennung oder Scheidung. Dazu geh\u00f6ren die gemeinsame Elternschaft und finanzielle Fragen sowie einige andere Themen, z.B. die Zuweisung der Wohnung der Familie. Alle anderen Punkte, die nicht gesetzlich vorgeschrieben sind, k\u00f6nnen ebenfalls in der Vereinbarung festgelegt werden, z.B. die Beziehung der Kinder zu den Grosseltern, etc.<\/span><\/p>\n<p><span style=\"color: #0000ff;\">BEZ\u00dcGLICH DER GEMEINSAMEN ELTERNSCHAFT:<\/span><\/p>\n<ul>\n<li style=\"font-weight: 400;\" aria-level=\"1\"><span style=\"font-weight: 400;\">Die Zuteilung der elterlichen Sorge<\/span><\/li>\n<li style=\"font-weight: 400;\" aria-level=\"1\"><span style=\"font-weight: 400;\">Die Obhut und das Besuchsrecht<\/span><\/li>\n<li style=\"font-weight: 400;\" aria-level=\"1\"><span style=\"font-weight: 400;\">Wohnsitz der Kinder<\/span><\/li>\n<\/ul>\n<p><span style=\"color: #0000ff;\">BEZ\u00dcGLICH DER FINANZIELLEN FRAGEN:<\/span><\/p>\n<ul>\n<li style=\"font-weight: 400;\" aria-level=\"1\"><span style=\"font-weight: 400;\">Aufteilung der zweiten S\u00e4ule (im Falle einer Scheidung)<\/span><\/li>\n<li style=\"font-weight: 400;\" aria-level=\"1\"><span style=\"font-weight: 400;\">Aufl\u00f6sung des ehelichen G\u00fcterstandes und Verm\u00f6gensaufteilung (im Falle einer Scheidung, m\u00f6glich im Falle einer Trennung)<\/span><\/li>\n<li style=\"font-weight: 400;\" aria-level=\"1\"><span style=\"font-weight: 400;\">Der Unterhalt der Kinder<\/span><\/li>\n<li style=\"font-weight: 400;\" aria-level=\"1\"><span style=\"font-weight: 400;\">Der Unterhalt der Ehegatten<\/span><\/li>\n<\/ul>\n<p><span style=\"font-weight: 400;\">Je nachdem, wie weit Sie sich einig sind, reicht die Online-Eingabe der jeweiligen Daten aus. Wir verfassen dann die Vereinbarung und senden sie an das Gericht. Sie werden im Anschluss zu einer Scheidungsanh\u00f6rung vorgeladen. Bei einer Trennung spricht das Gericht in den meisten F\u00e4llen und auf Antrag hin die Trennung ohne Anh\u00f6rung aus.<\/span><\/p>\n<p><a style=\"font-weight: 400;\" href=\"einvernehmliche-scheidung.ch\">einvernehmliche-scheidung.ch<\/a><span style=\"font-weight: 400;\"> ist Ihr Spezialist in der Schweiz, was Scheidungen online und einvernehmlich anbelangt.<\/span><\/p>\n<p>\n<\/div><\/div><\/div><\/div><\/div><\/div><\/div><!-- cell_inner --><\/div><!-- cell --><\/div><!-- port --><\/section><\/p>\n","protected":false},"excerpt":{"rendered":"","protected":false},"author":20,"featured_media":0,"parent":0,"menu_order":0,"comment_status":"closed","ping_status":"closed","template":"","meta":{"_acf_changed":false,"_monsterinsights_skip_tracking":false,"_monsterinsights_sitenote_active":false,"_monsterinsights_sitenote_note":"","_monsterinsights_sitenote_category":0,"_locale":"de_DE","_original_post":"http:\/\/amiable-test.ch\/?page_id=5832","footnotes":""},"class_list":["post-5834","page","type-page","status-publish","hentry","de-DE"],"acf":[],"yoast_head":"<!-- This site is optimized with the Yoast SEO Premium plugin v25.5 (Yoast SEO v25.5) - https:\/\/yoast.com\/wordpress\/plugins\/seo\/ -->\n<title>Online trennen oder scheiden lassen - Online Scheidung Schweiz<\/title>\n<meta name=\"description\" content=\"Online Scheidung, online trennen oder scheiden lasst. Die Online-L\u00f6sung zum besten Preis in der Schweiz. N\u00e4he und positive Einstellung.\" \/>\n<meta name=\"robots\" content=\"index, follow, max-snippet:-1, max-image-preview:large, max-video-preview:-1\" \/>\n<link rel=\"canonical\" href=\"https:\/\/amiable.ch\/de\/online-scheidung\/\" \/>\n<meta property=\"og:locale\" content=\"de_DE\" \/>\n<meta property=\"og:type\" content=\"article\" \/>\n<meta property=\"og:title\" content=\"Online trennen oder scheiden lassen\" \/>\n<meta property=\"og:description\" content=\"Online Scheidung, online trennen oder scheiden lasst. Die Online-L\u00f6sung zum besten Preis in der Schweiz. N\u00e4he und positive Einstellung.\" \/>\n<meta property=\"og:url\" content=\"https:\/\/amiable.ch\/de\/online-scheidung\/\" \/>\n<meta property=\"og:site_name\" content=\"amiable.ch\" \/>\n<meta property=\"article:modified_time\" content=\"2022-06-20T09:41:41+00:00\" \/>\n<meta name=\"twitter:card\" content=\"summary_large_image\" \/>\n<meta name=\"twitter:label1\" content=\"Gesch\u00e4tzte Lesezeit\" \/>\n\t<meta name=\"twitter:data1\" content=\"4\u00a0Minuten\" \/>\n<script type=\"application\/ld+json\" class=\"yoast-schema-graph\">{\"@context\":\"https:\/\/schema.org\",\"@graph\":[{\"@type\":\"WebPage\",\"@id\":\"https:\/\/amiable.ch\/de\/online-scheidung\/\",\"url\":\"https:\/\/amiable.ch\/de\/online-scheidung\/\",\"name\":\"Online trennen oder scheiden lassen - Online Scheidung Schweiz\",\"isPartOf\":{\"@id\":\"https:\/\/amiable.ch\/de\/#website\"},\"datePublished\":\"2022-04-15T10:26:24+00:00\",\"dateModified\":\"2022-06-20T09:41:41+00:00\",\"description\":\"Online Scheidung, online trennen oder scheiden lasst. Die Online-L\u00f6sung zum besten Preis in der Schweiz. N\u00e4he und positive Einstellung.\",\"breadcrumb\":{\"@id\":\"https:\/\/amiable.ch\/de\/online-scheidung\/#breadcrumb\"},\"inLanguage\":\"de\",\"potentialAction\":[{\"@type\":\"ReadAction\",\"target\":[\"https:\/\/amiable.ch\/de\/online-scheidung\/\"]}]},{\"@type\":\"BreadcrumbList\",\"@id\":\"https:\/\/amiable.ch\/de\/online-scheidung\/#breadcrumb\",\"itemListElement\":[{\"@type\":\"ListItem\",\"position\":1,\"name\":\"Home\",\"item\":\"https:\/\/amiable.ch\/de\/\"},{\"@type\":\"ListItem\",\"position\":2,\"name\":\"Online trennen oder scheiden lassen\"}]},{\"@type\":\"WebSite\",\"@id\":\"https:\/\/amiable.ch\/de\/#website\",\"url\":\"https:\/\/amiable.ch\/de\/\",\"name\":\"amiable.ch\",\"description\":\"\",\"potentialAction\":[{\"@type\":\"SearchAction\",\"target\":{\"@type\":\"EntryPoint\",\"urlTemplate\":\"https:\/\/amiable.ch\/de\/?s={search_term_string}\"},\"query-input\":{\"@type\":\"PropertyValueSpecification\",\"valueRequired\":true,\"valueName\":\"search_term_string\"}}],\"inLanguage\":\"de\"},{\"@type\":\"ImageObject\",\"inLanguage\":\"de\",\"@id\":\"https:\/\/amiable.ch\/de\/online-scheidung\/#local-main-organization-logo\",\"url\":\"\",\"contentUrl\":\"\",\"caption\":\"amiable.ch\"}]}<\/script>\n<meta name=\"geo.placename\" content=\"Morges\" \/>\n<meta name=\"geo.region\" content=\"Schweiz\" \/>\n<!-- \/ Yoast SEO Premium plugin. -->","yoast_head_json":{"title":"Online trennen oder scheiden lassen - Online Scheidung Schweiz","description":"Online Scheidung, online trennen oder scheiden lasst. Die Online-L\u00f6sung zum besten Preis in der Schweiz. N\u00e4he und positive Einstellung.","robots":{"index":"index","follow":"follow","max-snippet":"max-snippet:-1","max-image-preview":"max-image-preview:large","max-video-preview":"max-video-preview:-1"},"canonical":"https:\/\/amiable.ch\/de\/online-scheidung\/","og_locale":"de_DE","og_type":"article","og_title":"Online trennen oder scheiden lassen","og_description":"Online Scheidung, online trennen oder scheiden lasst. Die Online-L\u00f6sung zum besten Preis in der Schweiz. N\u00e4he und positive Einstellung.","og_url":"https:\/\/amiable.ch\/de\/online-scheidung\/","og_site_name":"amiable.ch","article_modified_time":"2022-06-20T09:41:41+00:00","twitter_card":"summary_large_image","twitter_misc":{"Gesch\u00e4tzte Lesezeit":"4\u00a0Minuten"},"schema":{"@context":"https:\/\/schema.org","@graph":[{"@type":"WebPage","@id":"https:\/\/amiable.ch\/de\/online-scheidung\/","url":"https:\/\/amiable.ch\/de\/online-scheidung\/","name":"Online trennen oder scheiden lassen - Online Scheidung Schweiz","isPartOf":{"@id":"https:\/\/amiable.ch\/de\/#website"},"datePublished":"2022-04-15T10:26:24+00:00","dateModified":"2022-06-20T09:41:41+00:00","description":"Online Scheidung, online trennen oder scheiden lasst. Die Online-L\u00f6sung zum besten Preis in der Schweiz. N\u00e4he und positive Einstellung.","breadcrumb":{"@id":"https:\/\/amiable.ch\/de\/online-scheidung\/#breadcrumb"},"inLanguage":"de","potentialAction":[{"@type":"ReadAction","target":["https:\/\/amiable.ch\/de\/online-scheidung\/"]}]},{"@type":"BreadcrumbList","@id":"https:\/\/amiable.ch\/de\/online-scheidung\/#breadcrumb","itemListElement":[{"@type":"ListItem","position":1,"name":"Home","item":"https:\/\/amiable.ch\/de\/"},{"@type":"ListItem","position":2,"name":"Online trennen oder scheiden lassen"}]},{"@type":"WebSite","@id":"https:\/\/amiable.ch\/de\/#website","url":"https:\/\/amiable.ch\/de\/","name":"amiable.ch","description":"","potentialAction":[{"@type":"SearchAction","target":{"@type":"EntryPoint","urlTemplate":"https:\/\/amiable.ch\/de\/?s={search_term_string}"},"query-input":{"@type":"PropertyValueSpecification","valueRequired":true,"valueName":"search_term_string"}}],"inLanguage":"de"},{"@type":"ImageObject","inLanguage":"de","@id":"https:\/\/amiable.ch\/de\/online-scheidung\/#local-main-organization-logo","url":"","contentUrl":"","caption":"amiable.ch"}]},"geo.placename":"Morges","geo.region":"Schweiz"},"_links":{"self":[{"href":"https:\/\/amiable.ch\/wp-json\/wp\/v2\/pages\/5834","targetHints":{"allow":["GET"]}}],"collection":[{"href":"https:\/\/amiable.ch\/wp-json\/wp\/v2\/pages"}],"about":[{"href":"https:\/\/amiable.ch\/wp-json\/wp\/v2\/types\/page"}],"author":[{"embeddable":true,"href":"https:\/\/amiable.ch\/wp-json\/wp\/v2\/users\/20"}],"replies":[{"embeddable":true,"href":"https:\/\/amiable.ch\/wp-json\/wp\/v2\/comments?post=5834"}],"version-history":[{"count":10,"href":"https:\/\/amiable.ch\/wp-json\/wp\/v2\/pages\/5834\/revisions"}],"predecessor-version":[{"id":6018,"href":"https:\/\/amiable.ch\/wp-json\/wp\/v2\/pages\/5834\/revisions\/6018"}],"wp:attachment":[{"href":"https:\/\/amiable.ch\/wp-json\/wp\/v2\/media?parent=5834"}],"curies":[{"name":"wp","href":"https:\/\/api.w.org\/{rel}","templated":true}]}}