{"id":5845,"date":"2022-04-15T10:53:16","date_gmt":"2022-04-15T10:53:16","guid":{"rendered":"http:\/\/amiable-test.ch\/?page_id=5845"},"modified":"2022-11-15T09:50:13","modified_gmt":"2022-11-15T09:50:13","slug":"scheidungsverfahren","status":"publish","type":"page","link":"https:\/\/amiable.ch\/de\/scheidungsverfahren\/","title":{"rendered":"Scheidungsverfahren"},"content":{"rendered":"<p><section id=\"bt_bb_section69dff3eb9dd1d\" class=\"bt_bb_section bt_bb_color_scheme_10 bt_bb_layout_boxed_1200 bt_bb_vertical_align_top bt_bb_top_spacing_large bt_bb_bottom_spacing_large\" style=\"; --section-primary-color:#ffffff; --section-secondary-color:#00146e;;background-color:#0f1625;\" data-bt-override-class=\"null\"><div class=\"bt_bb_port\"><div class=\"bt_bb_cell\"><div class=\"bt_bb_cell_inner\"><div class=\"bt_bb_row \"  data-bt-override-class=\"{}\"><div class=\"bt_bb_row_holder\" ><div  class=\"bt_bb_column col-xl-2 bt_bb_align_left bt_bb_padding_normal\"  data-width=\"2\" data-bt-override-class=\"{}\"><div class=\"bt_bb_column_content bt_bb_vertical_align_top bt_bb_color_scheme_\"><div class=\"bt_bb_column_content_inner\"><\/div><\/div><\/div><div  class=\"bt_bb_column col-xl-8 bt_bb_align_center bt_bb_padding_normal bt_bb_animation_fade_in animate\"  data-width=\"8\" data-bt-override-class=\"{}\"><div class=\"bt_bb_column_content bt_bb_vertical_align_bottom bt_bb_color_scheme_\"><div class=\"bt_bb_column_content_inner\"><div class=\"bt_bb_separator bt_bb_border_style_none bt_bb_bottom_spacing_large bt_bb_hidden_xs bt_bb_hidden_ms bt_bb_hidden_sm\" data-bt-override-class=\"null\"><\/div><header class=\"bt_bb_headline bt_bb_color_scheme_6 bt_bb_dash_none bt_bb_size_extralarge bt_bb_align_inherit\" style=\"; --primary-color:#ffffff; --secondary-color:#0530f1;\" data-bt-override-class=\"{}\"><h2 class=\"bt_bb_headline_tag\"><span class=\"bt_bb_headline_content\"><span>Scheidungsverfahren<\/span><\/span><\/h2><\/header><div class=\"bt_bb_separator bt_bb_border_style_none bt_bb_bottom_spacing_large bt_bb_hidden_xs bt_bb_hidden_ms bt_bb_hidden_sm\" data-bt-override-class=\"null\"><\/div><\/div><\/div><\/div><div  class=\"bt_bb_column col-xl-2 bt_bb_align_left bt_bb_padding_normal bt_bb_animation_fade_in bt_bb_animation_move_left animate\"  data-width=\"2\" data-bt-override-class=\"{}\"><div class=\"bt_bb_column_content bt_bb_vertical_align_middle bt_bb_color_scheme_\"><div class=\"bt_bb_column_content_inner\"><\/div><\/div><\/div><\/div><\/div><\/div><!-- cell_inner --><\/div><!-- cell --><\/div><!-- port --><\/section><section id=\"bt_bb_section69dff3eb9e817\" class=\"bt_bb_section bt_bb_layout_boxed_1200 bt_bb_vertical_align_top bt_bb_top_spacing_large bt_bb_bottom_spacing_large\"  data-bt-override-class=\"null\"><div class=\"bt_bb_port\"><div class=\"bt_bb_cell\"><div class=\"bt_bb_cell_inner\"><div class=\"bt_bb_row \"  data-bt-override-class=\"{}\"><div class=\"bt_bb_row_holder\" ><div  class=\"bt_bb_column col-xl-6 bt_bb_align_left bt_bb_padding_normal\"  data-width=\"6\" data-bt-override-class=\"{}\"><div class=\"bt_bb_column_content bt_bb_vertical_align_top bt_bb_color_scheme_\"><div class=\"bt_bb_column_content_inner\"><div  class=\"bt_bb_text\" ><\/p>\n<h1 style=\"color: #0000ff; font-size: 25px;\">Scheidungsverfahren<\/h1>\n<p><span style=\"font-weight: 400;\">Wenn ein Paar seine Beziehung beenden m\u00f6chte, gibt es zwei M\u00f6glichkeiten: Sie k\u00f6nnen ihr gemeinsames Leben f\u00fcr eine gewisse Zeit auf Eis legen und sich f\u00fcr eine Trennung entscheiden oder direkt die Scheidung einreichen. Es besteht keine Verpflichtung mehr, vor einer Scheidung eine Trennung zu vollziehen, wenn dies in gegenseitigem Einvernehmen geschieht.<\/span><\/p>\n<p><span style=\"font-weight: 400;\">Die Trennung setzt das gemeinsame Leben genauso au\u00dfer Kraft wie eine Scheidung: Es gibt keine gemeinsame Wohnung mehr und auch keine M\u00f6glichkeit, die eheliche Gemeinschaft zu vertreten. Es gibt jedoch einige wichtige Unterschiede im Vergleich zu einer Scheidung: Das Eheband wird nicht aufgel\u00f6st, der durch die Ehe erworbene Name wird beibehalten, ebenso wie z. B. die Erbschafts- und Rentenanspr\u00fcche.<\/span><\/p>\n<p><span style=\"font-weight: 400;\">F\u00fcr eine Trennung ist es nicht notwendig, vor Gericht zu gehen, sondern die Vereinbarung kann dem Pr\u00e4sidenten des Bezirksgerichts zur Ratifizierung vorgelegt werden. Wir empfehlen die Ratifizierung durch das Gericht, um die Formalit\u00e4t des Abkommens zu unterst\u00fctzen und die Durchsetzbarkeit der Bestimmungen zu st\u00e4rken. Wenn der Richter zustimmt, kann sogar die Ratifizierung der Vereinbarung ohne Anh\u00f6rung, d.h. ohne Anwesenheit der Parteien, erfolgen.<\/span><\/p>\n<p><span style=\"font-weight: 400;\">Was die Scheidung betrifft, so sind zwei verschiedene Antr\u00e4ge m\u00f6glich: ein einseitiger Scheidungsantrag, wenn keine Einigung \u00fcber die Scheidung selbst erzielt werden kann, oder ein gemeinsamer Antrag.<\/span><\/p>\n<p><span style=\"font-weight: 400;\"><span style=\"color: #3366ff;\">einvernehmliche-scheidung.ch<\/span> steht Ihnen f\u00fcr alle Fragen rund um Scheidung und Trennung zur Verf\u00fcgung und erm\u00f6glicht es Ihnen, die beste L\u00f6sung f\u00fcr Ihre Situation zu w\u00e4hlen.\u00a0<\/span><\/p>\n<p><span style=\"color: #0000ff;\"><strong>Einseitiger Antrag auf Scheidung<\/strong><\/span><\/p>\n<p><span style=\"font-weight: 400;\">Ein einseitiger Antrag liegt vor, wenn nur ein Ehegatte die Scheidung beantragt und der andere sie ablehnt. In diesem Fall gibt es keine Einigung zwischen den Ehegatten \u00fcber den Grundsatz der Scheidung selbst. F\u00fcr diese Art von Verfahren ist es grunds\u00e4tzlich erforderlich, dass sich jeder Ehegatte durch einen Rechtsanwalt vertreten l\u00e4sst, da sich die Ehegatten in einer konfliktreichen Situation befinden. Die Alternative w\u00e4re, eine Mediation zu versuchen, um eine Einigung dar\u00fcber zu erzielen, ob sich das Paar scheiden lassen will oder nicht, oder vielleicht nach einiger Zeit.<\/span><\/p>\n<p><span style=\"font-weight: 400;\">Damit ein einseitiger Scheidungsantrag gestellt werden kann, muss mindestens eine der beiden folgenden Bedingungen erf\u00fcllt sein:<\/span><\/p>\n<ul>\n<li style=\"font-weight: 400;\" aria-level=\"1\"><span style=\"font-weight: 400;\">Entweder leben die Ehegatten seit mindestens zwei Jahren getrennt;<\/span><\/li>\n<li style=\"font-weight: 400;\" aria-level=\"1\"><span style=\"font-weight: 400;\">oder es gibt schwerwiegende Gr\u00fcnde, die die Fortsetzung des Ehelebens unertr\u00e4glich machen, z.B. h\u00e4usliche Gewalt. Die Fortsetzung des Ehelebens wird als unertr\u00e4glich angesehen, wenn die Aufrechterhaltung des Ehebandes f\u00fcr den Ehegatten, der die Scheidung beantragt, unzumutbar ist. Das bedeutet nicht, dass man mit der Antragsstellung warten muss, bis sich die Situation \u00fcberm\u00e4ssig verschlechtert hat. Dies h\u00e4ngt von Fall zu Fall von der Gesamtsituation der Ehegatten ab.<\/span><\/li>\n<\/ul>\n<p>\n<\/div><div class=\"bt_bb_separator bt_bb_border_style_none bt_bb_top_spacing_normal\" data-bt-override-class=\"null\"><\/div><\/div><\/div><\/div><div  class=\"bt_bb_column col-xl-6 bt_bb_align_left bt_bb_padding_normal\"  data-width=\"6\" data-bt-override-class=\"{}\"><div class=\"bt_bb_column_content bt_bb_vertical_align_top bt_bb_color_scheme_\"><div class=\"bt_bb_column_content_inner\"><div  class=\"bt_bb_text\" ><\/p>\n<p><span style=\"color: #0000ff;\"><b>Antrag auf Scheidung durch gemeinsamen Antrag<\/b><\/span><\/p>\n<p><span style=\"font-weight: 400;\">Ein gemeinsamer Scheidungsantrag ist ein einfacheres und weniger konfrontatives Verfahren. Wenn die Ehegatten die Scheidung gemeinsam beantragen, m\u00fcssen sie eine vollst\u00e4ndige Vereinbarung \u00fcber die Wirkungen ihrer Scheidung zusammen mit den erforderlichen Unterlagen vorlegen.<\/span><\/p>\n<p><span style=\"font-weight: 400;\">Der Richter oder die Richterin h\u00f6rt sie getrennt und gemeinsam an. Wenn er oder sie sich davon \u00fcberzeugt hat, dass die Ehegatten ihren Scheidungsantrag gestellt und ihre Vereinbarung nach sorgf\u00e4ltiger \u00dcberlegung und aus freien St\u00fccken geschlossen haben und dass die Vereinbarung und die Schlussfolgerungen in Bezug auf die Kinder rechtlich best\u00e4tigt werden k\u00f6nnen, spricht er oder sie die Scheidung aus.<\/span><\/p>\n<p><span style=\"font-weight: 400;\">Die Scheidungsvereinbarung kann von Anw\u00e4lten mit oder ohne Gerichtsverfahren und Anh\u00f6rungen, oder von Mediatoren oder innovativen L\u00f6sungen wie <\/span><span style=\"color: #3366ff;\">einvernehmliche-scheidung.ch<\/span><span style=\"font-weight: 400;\"> ausgearbeitet werden.<\/span><\/p>\n<p><span style=\"font-weight: 400;\">Was die Konvention betrifft, so \u00fcbernimmt<\/span> <span style=\"color: #3366ff;\">einvernehmliche-scheidung.ch<\/span> <span style=\"font-weight: 400;\">die Ausarbeitung nach Ihren W\u00fcnschen vor und \u00fcberpr\u00fcft, ob alle Bestimmungen mit dem schweizerischen Recht \u00fcbereinstimmen. Wir k\u00fcmmern uns auch um die Vorbereitung der gesamten Akte mit dem Antrag an das Gericht und den verschiedenen Anh\u00e4ngen, die f\u00fcr die Scheidung unerl\u00e4sslich sind. Nach Ihrer Best\u00e4tigung und Unterzeichnung der Akte leiten wir diese direkt an das zust\u00e4ndige Gericht weiter. Wir ber\u00fccksichtigen dabei, dass die Gerichte ihre eigenen Verfahren und Gewohnheiten haben, die nicht nur von Region zu Region (zwischen franz\u00f6sisch-, deutsch- und italienischsprachiger Schweiz), sondern auch von Kanton zu Kanton (Waadt, Wallis, Genf usw.) und sogar von Bezirk zu Bezirk (im Kanton Waadt haben z.B. die Richter in Lausanne und Yverdon unterschiedliche Pr\u00e4ferenzen bez\u00fcglich des Inhalts der Konvention) variieren k\u00f6nnen. All diese Details sind wichtig, wenn es darum geht, effizient und so kosteng\u00fcnstig wie m\u00f6glich zu sein.<\/span><\/p>\n<p><span style=\"font-weight: 400;\">Der einzige Schritt, den die Parteien allein tun m\u00fcssen, ist die Gerichtsverhandlung, die f\u00fcr eine Scheidung in der Schweiz obligatorisch ist. Eine gerichtliche Anh\u00f6rung auf der Grundlage eines gemeinsamen Antrags und einer von einem vereidigten Vermittler getroffenen Vereinbarung ist oft eine Formalit\u00e4t und kann in wenigen Minuten stattfinden.<\/span><\/p>\n<p><span style=\"font-weight: 400;\">Unsere Dienstleistungen machen es \u00fcberfl\u00fcssig, f\u00fcr jede Partei einen Anwalt zu beauftragen, und vermeiden so hohe Kosten und schwerf\u00e4llige Verfahren (vergleichen Sie dazu unser Angebot:\u00a0<\/span><a href=\"http:\/\/amiable-test.ch\/de\/fur-wen-und-wie-viel-kostet-es\/\"><span style=\"font-weight: 400;\">Kosten einer einvernehmlichen Scheidung<\/span><\/a><span style=\"font-weight: 400;\">). Wir beraten die Parteien unparteiisch, finden faire und gerechte Vereinbarungen und Kompromisse in ihrem Interesse. Demgegen\u00fcber f\u00fchrt ein Gerichtsverfahren oft zu einem Spiel, bei dem jede Partei mit dem Gesetz spielt, um das meiste herauszuholen. Dies bringt unn\u00f6tige Spannungen, Kosten und einen erheblichen Zeitverlust mit sich und das Ergebnis ist nicht vorhersehbar, weil es vom Richter entschieden wird. Mit unserer einvernehmlichen Einigung hingegen kennen Sie die Bedingungen Ihrer <\/span><a href=\"http:\/\/amiable-test.ch\/de\/online-trennen-oder-scheiden-lassen\/\"><span style=\"font-weight: 400;\">Online-Scheidung<\/span><\/a><span style=\"font-weight: 400;\"> genau, sogar noch bevor das Dossier an das Gericht gesendet wird.<\/span><\/p>\n<p>\n<\/div><\/div><\/div><\/div><\/div><\/div><\/div><!-- cell_inner --><\/div><!-- cell --><\/div><!-- port --><\/section><\/p>\n","protected":false},"excerpt":{"rendered":"","protected":false},"author":20,"featured_media":0,"parent":0,"menu_order":0,"comment_status":"closed","ping_status":"closed","template":"","meta":{"_acf_changed":false,"_monsterinsights_skip_tracking":false,"_monsterinsights_sitenote_active":false,"_monsterinsights_sitenote_note":"","_monsterinsights_sitenote_category":0,"_locale":"de_DE","_original_post":"http:\/\/amiable-test.ch\/?page_id=5842","footnotes":""},"class_list":["post-5845","page","type-page","status-publish","hentry","de-DE"],"acf":[],"yoast_head":"<!-- This site is optimized with the Yoast SEO Premium plugin v25.5 (Yoast SEO v25.5) - https:\/\/yoast.com\/wordpress\/plugins\/seo\/ -->\n<title>Scheidungsverfahren - amiable.ch<\/title>\n<meta name=\"robots\" content=\"index, follow, max-snippet:-1, max-image-preview:large, max-video-preview:-1\" \/>\n<link rel=\"canonical\" href=\"https:\/\/amiable.ch\/de\/scheidungsverfahren\/\" \/>\n<meta property=\"og:locale\" content=\"de_DE\" \/>\n<meta property=\"og:type\" content=\"article\" \/>\n<meta property=\"og:title\" content=\"Scheidungsverfahren\" \/>\n<meta property=\"og:url\" content=\"https:\/\/amiable.ch\/de\/scheidungsverfahren\/\" \/>\n<meta property=\"og:site_name\" content=\"amiable.ch\" \/>\n<meta property=\"article:modified_time\" content=\"2022-11-15T09:50:13+00:00\" \/>\n<meta name=\"twitter:card\" content=\"summary_large_image\" \/>\n<meta name=\"twitter:label1\" content=\"Gesch\u00e4tzte Lesezeit\" \/>\n\t<meta name=\"twitter:data1\" content=\"6\u00a0Minuten\" \/>\n<script type=\"application\/ld+json\" class=\"yoast-schema-graph\">{\"@context\":\"https:\/\/schema.org\",\"@graph\":[{\"@type\":\"WebPage\",\"@id\":\"https:\/\/amiable.ch\/de\/scheidungsverfahren\/\",\"url\":\"https:\/\/amiable.ch\/de\/scheidungsverfahren\/\",\"name\":\"Scheidungsverfahren - amiable.ch\",\"isPartOf\":{\"@id\":\"https:\/\/amiable.ch\/de\/#website\"},\"datePublished\":\"2022-04-15T10:53:16+00:00\",\"dateModified\":\"2022-11-15T09:50:13+00:00\",\"breadcrumb\":{\"@id\":\"https:\/\/amiable.ch\/de\/scheidungsverfahren\/#breadcrumb\"},\"inLanguage\":\"de\",\"potentialAction\":[{\"@type\":\"ReadAction\",\"target\":[\"https:\/\/amiable.ch\/de\/scheidungsverfahren\/\"]}]},{\"@type\":\"BreadcrumbList\",\"@id\":\"https:\/\/amiable.ch\/de\/scheidungsverfahren\/#breadcrumb\",\"itemListElement\":[{\"@type\":\"ListItem\",\"position\":1,\"name\":\"Home\",\"item\":\"https:\/\/amiable.ch\/de\/\"},{\"@type\":\"ListItem\",\"position\":2,\"name\":\"Scheidungsverfahren\"}]},{\"@type\":\"WebSite\",\"@id\":\"https:\/\/amiable.ch\/de\/#website\",\"url\":\"https:\/\/amiable.ch\/de\/\",\"name\":\"amiable.ch\",\"description\":\"\",\"potentialAction\":[{\"@type\":\"SearchAction\",\"target\":{\"@type\":\"EntryPoint\",\"urlTemplate\":\"https:\/\/amiable.ch\/de\/?s={search_term_string}\"},\"query-input\":{\"@type\":\"PropertyValueSpecification\",\"valueRequired\":true,\"valueName\":\"search_term_string\"}}],\"inLanguage\":\"de\"},{\"@type\":\"ImageObject\",\"inLanguage\":\"de\",\"@id\":\"https:\/\/amiable.ch\/de\/scheidungsverfahren\/#local-main-organization-logo\",\"url\":\"\",\"contentUrl\":\"\",\"caption\":\"amiable.ch\"}]}<\/script>\n<meta name=\"geo.placename\" content=\"Morges\" \/>\n<meta name=\"geo.region\" content=\"Schweiz\" \/>\n<!-- \/ Yoast SEO Premium plugin. -->","yoast_head_json":{"title":"Scheidungsverfahren - amiable.ch","robots":{"index":"index","follow":"follow","max-snippet":"max-snippet:-1","max-image-preview":"max-image-preview:large","max-video-preview":"max-video-preview:-1"},"canonical":"https:\/\/amiable.ch\/de\/scheidungsverfahren\/","og_locale":"de_DE","og_type":"article","og_title":"Scheidungsverfahren","og_url":"https:\/\/amiable.ch\/de\/scheidungsverfahren\/","og_site_name":"amiable.ch","article_modified_time":"2022-11-15T09:50:13+00:00","twitter_card":"summary_large_image","twitter_misc":{"Gesch\u00e4tzte Lesezeit":"6\u00a0Minuten"},"schema":{"@context":"https:\/\/schema.org","@graph":[{"@type":"WebPage","@id":"https:\/\/amiable.ch\/de\/scheidungsverfahren\/","url":"https:\/\/amiable.ch\/de\/scheidungsverfahren\/","name":"Scheidungsverfahren - amiable.ch","isPartOf":{"@id":"https:\/\/amiable.ch\/de\/#website"},"datePublished":"2022-04-15T10:53:16+00:00","dateModified":"2022-11-15T09:50:13+00:00","breadcrumb":{"@id":"https:\/\/amiable.ch\/de\/scheidungsverfahren\/#breadcrumb"},"inLanguage":"de","potentialAction":[{"@type":"ReadAction","target":["https:\/\/amiable.ch\/de\/scheidungsverfahren\/"]}]},{"@type":"BreadcrumbList","@id":"https:\/\/amiable.ch\/de\/scheidungsverfahren\/#breadcrumb","itemListElement":[{"@type":"ListItem","position":1,"name":"Home","item":"https:\/\/amiable.ch\/de\/"},{"@type":"ListItem","position":2,"name":"Scheidungsverfahren"}]},{"@type":"WebSite","@id":"https:\/\/amiable.ch\/de\/#website","url":"https:\/\/amiable.ch\/de\/","name":"amiable.ch","description":"","potentialAction":[{"@type":"SearchAction","target":{"@type":"EntryPoint","urlTemplate":"https:\/\/amiable.ch\/de\/?s={search_term_string}"},"query-input":{"@type":"PropertyValueSpecification","valueRequired":true,"valueName":"search_term_string"}}],"inLanguage":"de"},{"@type":"ImageObject","inLanguage":"de","@id":"https:\/\/amiable.ch\/de\/scheidungsverfahren\/#local-main-organization-logo","url":"","contentUrl":"","caption":"amiable.ch"}]},"geo.placename":"Morges","geo.region":"Schweiz"},"_links":{"self":[{"href":"https:\/\/amiable.ch\/wp-json\/wp\/v2\/pages\/5845","targetHints":{"allow":["GET"]}}],"collection":[{"href":"https:\/\/amiable.ch\/wp-json\/wp\/v2\/pages"}],"about":[{"href":"https:\/\/amiable.ch\/wp-json\/wp\/v2\/types\/page"}],"author":[{"embeddable":true,"href":"https:\/\/amiable.ch\/wp-json\/wp\/v2\/users\/20"}],"replies":[{"embeddable":true,"href":"https:\/\/amiable.ch\/wp-json\/wp\/v2\/comments?post=5845"}],"version-history":[{"count":7,"href":"https:\/\/amiable.ch\/wp-json\/wp\/v2\/pages\/5845\/revisions"}],"predecessor-version":[{"id":6411,"href":"https:\/\/amiable.ch\/wp-json\/wp\/v2\/pages\/5845\/revisions\/6411"}],"wp:attachment":[{"href":"https:\/\/amiable.ch\/wp-json\/wp\/v2\/media?parent=5845"}],"curies":[{"name":"wp","href":"https:\/\/api.w.org\/{rel}","templated":true}]}}