{"id":5869,"date":"2022-11-18T10:06:32","date_gmt":"2022-11-18T10:06:32","guid":{"rendered":"http:\/\/demo.wpmonsters.org\/separate\/?page_id=5869"},"modified":"2023-05-15T10:34:40","modified_gmt":"2023-05-15T10:34:40","slug":"personal-consultations","status":"publish","type":"page","link":"https:\/\/amiable.ch\/de\/personal-consultations\/","title":{"rendered":"Pers\u00f6nliche Beratung per Telefon oder Videokonferenz."},"content":{"rendered":"<p><section id=\"bt_bb_section69e0072808e0a\" class=\"bt_bb_section bt_bb_layout_boxed_1200\"  data-bt-override-class=\"null\"><div class=\"bt_bb_port\"><div class=\"bt_bb_cell\"><div class=\"bt_bb_cell_inner\"><div class=\"bt_bb_row \"  data-bt-override-class=\"{}\"><div class=\"bt_bb_row_holder\" ><div  class=\"bt_bb_column col-xl-12 bt_bb_align_left bt_bb_padding_normal\"  data-width=\"12\" data-bt-override-class=\"{}\"><div class=\"bt_bb_column_content bt_bb_vertical_align_top bt_bb_color_scheme_\"><div class=\"bt_bb_column_content_inner\"><div class=\"bt_bb_separator top-separator bt_bb_border_style_none bt_bb_top_spacing_extra_large top-separator\" data-bt-override-class=\"null\"><\/div><\/div><\/div><\/div><\/div><\/div><\/div><!-- cell_inner --><\/div><!-- cell --><\/div><!-- port --><\/section><section id=\"bt_bb_section69e0072809367\" class=\"bt_bb_section bt_bb_layout_boxed_1200\"  data-bt-override-class=\"null\"><div class=\"bt_bb_port\"><div class=\"bt_bb_cell\"><div class=\"bt_bb_cell_inner\"><div class=\"bt_bb_row \"  data-bt-override-class=\"{}\"><div class=\"bt_bb_row_holder\" ><div  class=\"bt_bb_column col-xl-12 bt_bb_align_left bt_bb_padding_normal\"  data-width=\"12\" data-bt-override-class=\"{}\"><div class=\"bt_bb_column_content bt_bb_vertical_align_top bt_bb_color_scheme_\"><div class=\"bt_bb_column_content_inner\"><header class=\"bt_bb_headline bt_bb_dash_none bt_bb_size_inherit bt_bb_align_left\" data-bt-override-class=\"{&quot;bt_bb_align_&quot;:{&quot;current_class&quot;:&quot;bt_bb_align_left&quot;,&quot;xxl&quot;:&quot;left&quot;,&quot;xl&quot;:&quot;left&quot;}}\"><h1 style=\"font-size:28px\" class=\"bt_bb_headline_tag\"><span class=\"bt_bb_headline_content\"><span>Pers\u00f6nliche Beratung per Telefon oder Videokonferenz.<\/span><\/span><\/h1><\/header><\/div><\/div><\/div><\/div><\/div><\/div><!-- cell_inner --><\/div><!-- cell --><\/div><!-- port --><\/section><section id=\"bt_bb_section69e00728098cf\" class=\"bt_bb_section bt_bb_layout_boxed_1200 bt_bb_vertical_align_top bt_bb_top_spacing_normal\"  data-bt-override-class=\"null\"><div class=\"bt_bb_port\"><div class=\"bt_bb_cell\"><div class=\"bt_bb_cell_inner\"><div class=\"bt_bb_row \"  data-bt-override-class=\"{}\"><div class=\"bt_bb_row_holder\" ><div  class=\"bt_bb_column col-xl-4 bt_bb_align_left bt_bb_padding_normal\"  data-width=\"4\" data-bt-override-class=\"{}\"><div class=\"bt_bb_column_content bt_bb_vertical_align_top bt_bb_color_scheme_\"><div class=\"bt_bb_column_content_inner\"><div  class=\"bt_bb_text\" ><\/p>\n<div style=\"text-align: justify;\"><span style=\"font-weight: 400;\">Im Zusammenhang mit einer Trennung oder Scheidung k\u00f6nnen viele Fragen auftauchen: Wie machen wir es mit den Kindern, was machen wir mit der Immobilie, wie vorgehen, wie viel kostet mich das, usw., usw.?<\/span><br \/>\n<span style=\"font-weight: 400;\">Dank unserer 15-j\u00e4hriger Erfahrung antworten Ihnen unsere Experten schnell und kompetent nicht nur zu rechtlichen und finanziellen Fragen, sondern auch zu famili\u00e4ren Aspekten, z. B. zu den verschiedenen Sorgerechtsmodellen oder wie man Konflikten vorbeugen kann.<\/span><br \/>\n<span style=\"font-weight: 400;\">Um einen Termin zu vereinbaren, w\u00e4hlen Sie bitte eine der untenstehenden Optionen. Nach Zahlung des jeweiligen Betrags k\u00f6nnen Sie sofort Ihre Telefon- oder Videokonferenzsitzung buchen.<\/span><\/div>\n<p>\n<\/div><\/div><\/div><\/div><div  class=\"bt_bb_column col-xl-8 bt_bb_align_left bt_bb_padding_normal\"  data-width=\"8\" data-bt-override-class=\"{}\"><div class=\"bt_bb_column_content bt_bb_vertical_align_top bt_bb_color_scheme_\"><div class=\"bt_bb_column_content_inner\"><div class=\" bt_bb_row_inner bt_bb_hidden_xs bt_bb_hidden_ms\"   data-bt-override-class=\"{}\"><div class=\"bt_bb_row_inner_holder\"  ><div  class=\"bt_bb_column_inner col-xl-8 bt_bb_align_left bt_bb_vertical_align_middle bt_bb_padding_normal\"  data-width=\"8\" data-bt-override-class=\"{}\"><div class=\"bt_bb_column_inner_content\"><div  class=\"bt_bb_text\" ><\/p>\n<p><strong>Scheidungs-\/Trennungsberatung 15 Minuten \u00e0 49.- (zzgl. MwSt.)<\/strong><\/p>\n<p>\n<\/div><\/div><\/div><div  class=\"bt_bb_column_inner col-xl-4 bt_bb_align_left bt_bb_vertical_align_top bt_bb_padding_normal\"  data-width=\"4\" data-bt-override-class=\"{}\"><div class=\"bt_bb_column_inner_content\"><div class=\"bt_bb_button article_btn bt_bb_style_outline bt_bb_size_normal bt_bb_width_inline bt_bb_shape_inherit bt_bb_align_inherit\" data-bt-override-class=\"{}\"><a href=\"https:\/\/gemperliconsulting.payrexx.com\/de\/pay?tid=18dcef22\" target=\"_blank\" class=\"bt_bb_link\" title=\"Buchen\"><span class=\"bt_bb_button_text\">Buchen<\/span><\/a><\/div><\/div><\/div><\/div><\/div><div class=\"bt_bb_separator bt_bb_border_style_none bt_bb_top_spacing_small bt_bb_hidden_xs bt_bb_hidden_ms\" data-bt-override-class=\"null\"><\/div><div class=\" bt_bb_row_inner bt_bb_hidden_xs bt_bb_hidden_ms\"   data-bt-override-class=\"{}\"><div class=\"bt_bb_row_inner_holder\"  ><div  class=\"bt_bb_column_inner col-xl-8 bt_bb_align_left bt_bb_vertical_align_middle bt_bb_padding_normal\"  data-width=\"8\" data-bt-override-class=\"{}\"><div class=\"bt_bb_column_inner_content\"><div  class=\"bt_bb_text\" ><\/p>\n<p><strong>Scheidungs-\/Trennungsberatung 30 Minuten \u00e0 99.- (zzgl. MwSt.)<\/strong><\/p>\n<p>\n<\/div><\/div><\/div><div  class=\"bt_bb_column_inner col-xl-4 bt_bb_align_left bt_bb_vertical_align_top bt_bb_padding_normal\"  data-width=\"4\" data-bt-override-class=\"{}\"><div class=\"bt_bb_column_inner_content\"><div class=\"bt_bb_button article_btn bt_bb_style_outline bt_bb_size_normal bt_bb_width_inline bt_bb_shape_inherit bt_bb_align_inherit\" data-bt-override-class=\"{}\"><a href=\"https:\/\/gemperliconsulting.payrexx.com\/de\/pay?tid=b2f9c728\" target=\"_blank\" class=\"bt_bb_link\" title=\"Buchen\"><span class=\"bt_bb_button_text\">Buchen<\/span><\/a><\/div><\/div><\/div><\/div><\/div><div class=\"bt_bb_separator bt_bb_border_style_none bt_bb_top_spacing_medium\" data-bt-override-class=\"null\"><\/div><div class=\"bt_bb_image bt_bb_shape_square bt_bb_target_self bt_bb_align_center bt_bb_hover_style_simple bt_bb_content_display_always bt_bb_content_align_middle\" data-bt-override-class=\"{&quot;bt_bb_align_&quot;:{&quot;current_class&quot;:&quot;bt_bb_align_center&quot;,&quot;xxl&quot;:&quot;center&quot;,&quot;xl&quot;:&quot;center&quot;}}\"><span><img fetchpriority=\"high\" decoding=\"async\" width=\"640\" height=\"427\" src=\"https:\/\/amiable.ch\/wp-content\/uploads\/2022\/11\/Conseils-telephoniques-personnalises-divorce-separation_2-1-640x427.png\" class=\"attachment-medium size-medium\" alt=\"https:\/\/amiable.ch\/wp-content\/uploads\/2022\/11\/Conseils-telephoniques-personnalises-divorce-separation_2-1-640x427.png\" data-full_image_src=\"https:\/\/amiable.ch\/wp-content\/uploads\/2022\/11\/Conseils-telephoniques-personnalises-divorce-separation_2-1.png\" title=\"Conseils t\u00e9l\u00e9phoniques personnalis\u00e9s divorce-s\u00e9paration_2 (1)\" srcset=\"https:\/\/amiable.ch\/wp-content\/uploads\/2022\/11\/Conseils-telephoniques-personnalises-divorce-separation_2-1-640x427.png 640w, https:\/\/amiable.ch\/wp-content\/uploads\/2022\/11\/Conseils-telephoniques-personnalises-divorce-separation_2-1-1280x853.png 1280w, https:\/\/amiable.ch\/wp-content\/uploads\/2022\/11\/Conseils-telephoniques-personnalises-divorce-separation_2-1-768x512.png 768w, https:\/\/amiable.ch\/wp-content\/uploads\/2022\/11\/Conseils-telephoniques-personnalises-divorce-separation_2-1-1536x1024.png 1536w, https:\/\/amiable.ch\/wp-content\/uploads\/2022\/11\/Conseils-telephoniques-personnalises-divorce-separation_2-1-320x215.png 320w, https:\/\/amiable.ch\/wp-content\/uploads\/2022\/11\/Conseils-telephoniques-personnalises-divorce-separation_2-1-960x640.png 960w, https:\/\/amiable.ch\/wp-content\/uploads\/2022\/11\/Conseils-telephoniques-personnalises-divorce-separation_2-1-480x320.png 480w, https:\/\/amiable.ch\/wp-content\/uploads\/2022\/11\/Conseils-telephoniques-personnalises-divorce-separation_2-1-240x160.png 240w, https:\/\/amiable.ch\/wp-content\/uploads\/2022\/11\/Conseils-telephoniques-personnalises-divorce-separation_2-1-1320x880.png 1320w, https:\/\/amiable.ch\/wp-content\/uploads\/2022\/11\/Conseils-telephoniques-personnalises-divorce-separation_2-1.png 2000w\" sizes=\"(max-width: 640px) 100vw, 640px\" \/><\/span><\/div><\/div><\/div><\/div><\/div><\/div><\/div><!-- cell_inner --><\/div><!-- cell --><\/div><!-- port --><\/section><section id=\"bt_bb_section69e007280b8b2\" class=\"bt_bb_section bt_bb_layout_boxed_1200\"  data-bt-override-class=\"null\"><div class=\"bt_bb_port\"><div class=\"bt_bb_cell\"><div class=\"bt_bb_cell_inner\"><div class=\"bt_bb_row \"  data-bt-override-class=\"{}\"><div class=\"bt_bb_row_holder\" ><div  class=\"bt_bb_column col-xl-12 bt_bb_align_left bt_bb_padding_normal\"  data-width=\"12\" data-bt-override-class=\"{}\"><div class=\"bt_bb_column_content bt_bb_vertical_align_top bt_bb_color_scheme_\"><div class=\"bt_bb_column_content_inner\"><div class=\"bt_bb_separator bt_bb_border_style_none bt_bb_top_spacing_small bt_bb_bottom_spacing_small\" data-bt-override-class=\"null\"><\/div><\/div><\/div><\/div><\/div><\/div><\/div><!-- cell_inner --><\/div><!-- cell --><\/div><!-- port --><\/section><section id=\"bt_bb_section69e007280bc69\" class=\"bt_bb_section bt_bb_layout_boxed_1200 bt_bb_vertical_align_top bt_bb_hidden_xs bt_bb_hidden_ms bt_bb_hidden_sm bt_bb_hidden_md bt_bb_hidden_lg\"  data-bt-override-class=\"null\"><div class=\"bt_bb_port\"><div class=\"bt_bb_cell\"><div class=\"bt_bb_cell_inner\"><div class=\"bt_bb_row \"  data-bt-override-class=\"{}\"><div class=\"bt_bb_row_holder\" ><div  class=\"bt_bb_column col-xl-6 bt_bb_align_left bt_bb_padding_normal\"  data-width=\"6\" data-bt-override-class=\"{}\"><div class=\"bt_bb_column_content bt_bb_vertical_align_top bt_bb_color_scheme_\"><div class=\"bt_bb_column_content_inner\"><div  class=\"bt_bb_text\" ><p>\n<span style=\"font-weight: 400;\">Scheidungs-\/Trennungsberatung 15 Minuten \u00e0 49.- (zzgl. MwSt.)<\/span><\/p>\n<\/div><div class=\"bt_bb_separator bt_bb_border_style_none bt_bb_top_spacing_extra_small bt_bb_bottom_spacing_extra_small\" data-bt-override-class=\"null\"><\/div><div class=\"bt_bb_button article_btn bt_bb_style_outline bt_bb_size_large bt_bb_width_inline bt_bb_shape_inherit bt_bb_align_inherit\" data-bt-override-class=\"{}\"><a href=\"https:\/\/gemperliconsulting.payrexx.com\/de\/pay?tid=18dcef22\" target=\"_blank\" class=\"bt_bb_link\" title=\"Buchen\"><span class=\"bt_bb_button_text\">Buchen<\/span><\/a><\/div><\/div><\/div><\/div><div  class=\"bt_bb_column col-xl-6 bt_bb_align_left bt_bb_padding_normal\"  data-width=\"6\" data-bt-override-class=\"{}\"><div class=\"bt_bb_column_content bt_bb_vertical_align_top bt_bb_color_scheme_\"><div class=\"bt_bb_column_content_inner\"><div  class=\"bt_bb_text\" ><p>\n<span style=\"font-weight: 400;\">Scheidungs-\/Trennungsberatung 30 Minuten \u00e0 99.- (zzgl. MwSt.)<\/span><\/p>\n<\/div><div class=\"bt_bb_separator bt_bb_border_style_none bt_bb_top_spacing_extra_small bt_bb_bottom_spacing_extra_small\" data-bt-override-class=\"null\"><\/div><div class=\"bt_bb_button article_btn bt_bb_style_outline bt_bb_size_large bt_bb_width_inline bt_bb_shape_inherit bt_bb_align_inherit\" data-bt-override-class=\"{}\"><a href=\"https:\/\/gemperliconsulting.payrexx.com\/fr\/pay?tid=b2f9c728\" target=\"_blank\" class=\"bt_bb_link\" title=\"Buchen\"><span class=\"bt_bb_button_text\">Buchen<\/span><\/a><\/div><\/div><\/div><\/div><\/div><\/div><\/div><!-- cell_inner --><\/div><!-- cell --><\/div><!-- port --><\/section><section id=\"bt_bb_section69e007280c472\" class=\"bt_bb_section bt_bb_layout_boxed_1200\"  data-bt-override-class=\"null\"><div class=\"bt_bb_port\"><div class=\"bt_bb_cell\"><div class=\"bt_bb_cell_inner\"><div class=\"bt_bb_row \"  data-bt-override-class=\"{}\"><div class=\"bt_bb_row_holder\" ><div  class=\"bt_bb_column col-xl-6 bt_bb_align_left bt_bb_padding_normal\"  data-width=\"6\" data-bt-override-class=\"{}\"><div class=\"bt_bb_column_content bt_bb_vertical_align_top bt_bb_color_scheme_\"><div class=\"bt_bb_column_content_inner\"><div class=\" bt_bb_row_inner\"   data-bt-override-class=\"{}\"><div class=\"bt_bb_row_inner_holder\"  ><div  class=\"bt_bb_column_inner col-xl-8 bt_bb_align_left bt_bb_vertical_align_middle bt_bb_padding_normal\"  data-width=\"8\" data-bt-override-class=\"{}\"><div class=\"bt_bb_column_inner_content\"><div  class=\"bt_bb_text\" ><\/p>\n<p><strong>Scheidungs-\/Trennungsberatung 15 Minuten \u00e0 49.- (zzgl. MwSt.)<\/strong><\/p>\n<p>\n<\/div><\/div><\/div><div  class=\"bt_bb_column_inner col-xl-4 bt_bb_align_left bt_bb_vertical_align_top bt_bb_padding_normal\"  data-width=\"4\" data-bt-override-class=\"{}\"><div class=\"bt_bb_column_inner_content\"><div class=\"bt_bb_button article_btn bt_bb_style_outline bt_bb_size_large bt_bb_width_inline bt_bb_shape_inherit bt_bb_align_inherit\" data-bt-override-class=\"{}\"><a href=\"https:\/\/gemperliconsulting.payrexx.com\/de\/pay?tid=18dcef22\" target=\"_blank\" class=\"bt_bb_link\" title=\"Buchen\"><span class=\"bt_bb_button_text\">Buchen<\/span><\/a><\/div><\/div><\/div><\/div><\/div><div class=\"bt_bb_separator bt_bb_border_style_none bt_bb_top_spacing_normal bt_bb_bottom_spacing_normal\" data-bt-override-class=\"null\"><\/div><div class=\" bt_bb_row_inner\"   data-bt-override-class=\"{}\"><div class=\"bt_bb_row_inner_holder\"  ><div  class=\"bt_bb_column_inner col-xl-8 bt_bb_align_left bt_bb_vertical_align_middle bt_bb_padding_normal\"  data-width=\"8\" data-bt-override-class=\"{}\"><div class=\"bt_bb_column_inner_content\"><div  class=\"bt_bb_text\" ><\/p>\n<p><strong>Scheidungs-\/Trennungsberatung 30 Minuten \u00e0 99.- (zzgl. MwSt.)<\/strong><\/p>\n<p>\n<\/div><\/div><\/div><div  class=\"bt_bb_column_inner col-xl-4 bt_bb_align_left bt_bb_vertical_align_top bt_bb_padding_normal\"  data-width=\"4\" data-bt-override-class=\"{}\"><div class=\"bt_bb_column_inner_content\"><div class=\"bt_bb_button article_btn bt_bb_style_outline bt_bb_size_large bt_bb_width_inline bt_bb_shape_inherit bt_bb_align_inherit\" data-bt-override-class=\"{}\"><a href=\"https:\/\/gemperliconsulting.payrexx.com\/de\/pay?tid=b2f9c728\" target=\"_blank\" class=\"bt_bb_link\" title=\"Buchen\"><span class=\"bt_bb_button_text\">Buchen<\/span><\/a><\/div><\/div><\/div><\/div><\/div><\/div><\/div><\/div><div  class=\"bt_bb_column col-xl-6 bt_bb_align_left bt_bb_padding_normal\"  data-width=\"6\" data-bt-override-class=\"{}\"><div class=\"bt_bb_column_content bt_bb_vertical_align_top bt_bb_color_scheme_\"><div class=\"bt_bb_column_content_inner\"><\/div><\/div><\/div><\/div><\/div><\/div><!-- cell_inner --><\/div><!-- cell --><\/div><!-- port --><\/section><section id=\"bt_bb_section69e007280cf8e\" class=\"bt_bb_section bt_bb_layout_boxed_1200\"  data-bt-override-class=\"null\"><div class=\"bt_bb_port\"><div class=\"bt_bb_cell\"><div class=\"bt_bb_cell_inner\"><div class=\"bt_bb_row \"  data-bt-override-class=\"{}\"><div class=\"bt_bb_row_holder\" ><div  class=\"bt_bb_column col-xl-12 bt_bb_align_left bt_bb_padding_normal\"  data-width=\"12\" data-bt-override-class=\"{}\"><div class=\"bt_bb_column_content bt_bb_vertical_align_top bt_bb_color_scheme_\"><div class=\"bt_bb_column_content_inner\"><div class=\"bt_bb_separator bt_bb_border_style_none bt_bb_bottom_spacing_medium\" data-bt-override-class=\"null\"><\/div><\/div><\/div><\/div><\/div><\/div><\/div><!-- cell_inner --><\/div><!-- cell --><\/div><!-- port --><\/section><\/p>\n","protected":false},"excerpt":{"rendered":"","protected":false},"author":20,"featured_media":0,"parent":0,"menu_order":0,"comment_status":"closed","ping_status":"closed","template":"","meta":{"_acf_changed":false,"_monsterinsights_skip_tracking":false,"_monsterinsights_sitenote_active":false,"_monsterinsights_sitenote_note":"","_monsterinsights_sitenote_category":0,"_locale":"de_DE","_original_post":"http:\/\/demo.wpmonsters.org\/separate\/?page_id=5845","footnotes":""},"class_list":["post-5869","page","type-page","status-publish","hentry","de-DE"],"acf":[],"yoast_head":"<!-- This site is optimized with the Yoast SEO Premium plugin v25.5 (Yoast SEO v25.5) - https:\/\/yoast.com\/wordpress\/plugins\/seo\/ -->\n<title>Pers\u00f6nliche Beratung per Telefon oder Videokonferenz. - amiable.ch<\/title>\n<meta name=\"robots\" content=\"index, follow, max-snippet:-1, max-image-preview:large, max-video-preview:-1\" \/>\n<link rel=\"canonical\" href=\"https:\/\/amiable.ch\/de\/personal-consultations\/\" \/>\n<meta property=\"og:locale\" content=\"de_DE\" \/>\n<meta property=\"og:type\" content=\"article\" \/>\n<meta property=\"og:title\" content=\"Pers\u00f6nliche Beratung per Telefon oder Videokonferenz.\" \/>\n<meta property=\"og:url\" content=\"https:\/\/amiable.ch\/de\/personal-consultations\/\" \/>\n<meta property=\"og:site_name\" content=\"amiable.ch\" \/>\n<meta property=\"article:modified_time\" content=\"2023-05-15T10:34:40+00:00\" \/>\n<meta name=\"twitter:card\" content=\"summary_large_image\" \/>\n<meta name=\"twitter:label1\" content=\"Gesch\u00e4tzte Lesezeit\" \/>\n\t<meta name=\"twitter:data1\" content=\"4\u00a0Minuten\" \/>\n<script type=\"application\/ld+json\" class=\"yoast-schema-graph\">{\"@context\":\"https:\/\/schema.org\",\"@graph\":[{\"@type\":\"WebPage\",\"@id\":\"https:\/\/amiable.ch\/de\/personal-consultations\/\",\"url\":\"https:\/\/amiable.ch\/de\/personal-consultations\/\",\"name\":\"Pers\u00f6nliche Beratung per Telefon oder Videokonferenz. - amiable.ch\",\"isPartOf\":{\"@id\":\"https:\/\/amiable.ch\/de\/#website\"},\"datePublished\":\"2022-11-18T10:06:32+00:00\",\"dateModified\":\"2023-05-15T10:34:40+00:00\",\"breadcrumb\":{\"@id\":\"https:\/\/amiable.ch\/de\/personal-consultations\/#breadcrumb\"},\"inLanguage\":\"de\",\"potentialAction\":[{\"@type\":\"ReadAction\",\"target\":[\"https:\/\/amiable.ch\/de\/personal-consultations\/\"]}]},{\"@type\":\"BreadcrumbList\",\"@id\":\"https:\/\/amiable.ch\/de\/personal-consultations\/#breadcrumb\",\"itemListElement\":[{\"@type\":\"ListItem\",\"position\":1,\"name\":\"Home\",\"item\":\"https:\/\/amiable.ch\/de\/\"},{\"@type\":\"ListItem\",\"position\":2,\"name\":\"Pers\u00f6nliche Beratung per Telefon oder Videokonferenz.\"}]},{\"@type\":\"WebSite\",\"@id\":\"https:\/\/amiable.ch\/de\/#website\",\"url\":\"https:\/\/amiable.ch\/de\/\",\"name\":\"amiable.ch\",\"description\":\"\",\"potentialAction\":[{\"@type\":\"SearchAction\",\"target\":{\"@type\":\"EntryPoint\",\"urlTemplate\":\"https:\/\/amiable.ch\/de\/?s={search_term_string}\"},\"query-input\":{\"@type\":\"PropertyValueSpecification\",\"valueRequired\":true,\"valueName\":\"search_term_string\"}}],\"inLanguage\":\"de\"},{\"@type\":\"ImageObject\",\"inLanguage\":\"de\",\"@id\":\"https:\/\/amiable.ch\/de\/personal-consultations\/#local-main-organization-logo\",\"url\":\"\",\"contentUrl\":\"\",\"caption\":\"amiable.ch\"}]}<\/script>\n<meta name=\"geo.placename\" content=\"Morges\" \/>\n<meta name=\"geo.region\" content=\"Schweiz\" \/>\n<!-- \/ Yoast SEO Premium plugin. -->","yoast_head_json":{"title":"Pers\u00f6nliche Beratung per Telefon oder Videokonferenz. - amiable.ch","robots":{"index":"index","follow":"follow","max-snippet":"max-snippet:-1","max-image-preview":"max-image-preview:large","max-video-preview":"max-video-preview:-1"},"canonical":"https:\/\/amiable.ch\/de\/personal-consultations\/","og_locale":"de_DE","og_type":"article","og_title":"Pers\u00f6nliche Beratung per Telefon oder Videokonferenz.","og_url":"https:\/\/amiable.ch\/de\/personal-consultations\/","og_site_name":"amiable.ch","article_modified_time":"2023-05-15T10:34:40+00:00","twitter_card":"summary_large_image","twitter_misc":{"Gesch\u00e4tzte Lesezeit":"4\u00a0Minuten"},"schema":{"@context":"https:\/\/schema.org","@graph":[{"@type":"WebPage","@id":"https:\/\/amiable.ch\/de\/personal-consultations\/","url":"https:\/\/amiable.ch\/de\/personal-consultations\/","name":"Pers\u00f6nliche Beratung per Telefon oder Videokonferenz. - amiable.ch","isPartOf":{"@id":"https:\/\/amiable.ch\/de\/#website"},"datePublished":"2022-11-18T10:06:32+00:00","dateModified":"2023-05-15T10:34:40+00:00","breadcrumb":{"@id":"https:\/\/amiable.ch\/de\/personal-consultations\/#breadcrumb"},"inLanguage":"de","potentialAction":[{"@type":"ReadAction","target":["https:\/\/amiable.ch\/de\/personal-consultations\/"]}]},{"@type":"BreadcrumbList","@id":"https:\/\/amiable.ch\/de\/personal-consultations\/#breadcrumb","itemListElement":[{"@type":"ListItem","position":1,"name":"Home","item":"https:\/\/amiable.ch\/de\/"},{"@type":"ListItem","position":2,"name":"Pers\u00f6nliche Beratung per Telefon oder Videokonferenz."}]},{"@type":"WebSite","@id":"https:\/\/amiable.ch\/de\/#website","url":"https:\/\/amiable.ch\/de\/","name":"amiable.ch","description":"","potentialAction":[{"@type":"SearchAction","target":{"@type":"EntryPoint","urlTemplate":"https:\/\/amiable.ch\/de\/?s={search_term_string}"},"query-input":{"@type":"PropertyValueSpecification","valueRequired":true,"valueName":"search_term_string"}}],"inLanguage":"de"},{"@type":"ImageObject","inLanguage":"de","@id":"https:\/\/amiable.ch\/de\/personal-consultations\/#local-main-organization-logo","url":"","contentUrl":"","caption":"amiable.ch"}]},"geo.placename":"Morges","geo.region":"Schweiz"},"_links":{"self":[{"href":"https:\/\/amiable.ch\/wp-json\/wp\/v2\/pages\/5869","targetHints":{"allow":["GET"]}}],"collection":[{"href":"https:\/\/amiable.ch\/wp-json\/wp\/v2\/pages"}],"about":[{"href":"https:\/\/amiable.ch\/wp-json\/wp\/v2\/types\/page"}],"author":[{"embeddable":true,"href":"https:\/\/amiable.ch\/wp-json\/wp\/v2\/users\/20"}],"replies":[{"embeddable":true,"href":"https:\/\/amiable.ch\/wp-json\/wp\/v2\/comments?post=5869"}],"version-history":[{"count":10,"href":"https:\/\/amiable.ch\/wp-json\/wp\/v2\/pages\/5869\/revisions"}],"predecessor-version":[{"id":6767,"href":"https:\/\/amiable.ch\/wp-json\/wp\/v2\/pages\/5869\/revisions\/6767"}],"wp:attachment":[{"href":"https:\/\/amiable.ch\/wp-json\/wp\/v2\/media?parent=5869"}],"curies":[{"name":"wp","href":"https:\/\/api.w.org\/{rel}","templated":true}]}}