{"id":6470,"date":"2022-11-23T05:35:30","date_gmt":"2022-11-23T05:35:30","guid":{"rendered":"http:\/\/amiable-test.ch\/?page_id=6470"},"modified":"2022-11-25T05:39:12","modified_gmt":"2022-11-25T05:39:12","slug":"guide-to-divorce","status":"publish","type":"page","link":"https:\/\/amiable.ch\/de\/guide-to-divorce\/","title":{"rendered":"Der Leitfaden f\u00fcr einvernehmliche Scheidung"},"content":{"rendered":"<p><section id=\"bt_bb_section69dff08a8a7f8\" class=\"bt_bb_section bt_bb_layout_boxed_1200\"  data-bt-override-class=\"null\"><div class=\"bt_bb_port\"><div class=\"bt_bb_cell\"><div class=\"bt_bb_cell_inner\"><div class=\"bt_bb_row \"  data-bt-override-class=\"{}\"><div class=\"bt_bb_row_holder\" ><div  class=\"bt_bb_column col-xl-12 bt_bb_align_left bt_bb_padding_normal\"  data-width=\"12\" data-bt-override-class=\"{}\"><div class=\"bt_bb_column_content bt_bb_vertical_align_top bt_bb_color_scheme_\"><div class=\"bt_bb_column_content_inner\"><div class=\"bt_bb_separator top-separator bt_bb_border_style_none bt_bb_top_spacing_extra_large bt_bb_bottom_spacing_normal top-separator\" data-bt-override-class=\"null\"><\/div><\/div><\/div><\/div><\/div><\/div><\/div><!-- cell_inner --><\/div><!-- cell --><\/div><!-- port --><\/section><section id=\"bt_bb_section69dff08a8ac10\" class=\"bt_bb_section bt_bb_layout_boxed_1200\"  data-bt-override-class=\"null\"><div class=\"bt_bb_port\"><div class=\"bt_bb_cell\"><div class=\"bt_bb_cell_inner\"><div class=\"bt_bb_row \"  data-bt-override-class=\"{}\"><div class=\"bt_bb_row_holder\" ><div  class=\"bt_bb_column col-xl-12 bt_bb_align_left bt_bb_padding_normal\"  data-width=\"12\" data-bt-override-class=\"{}\"><div class=\"bt_bb_column_content bt_bb_vertical_align_top bt_bb_color_scheme_\"><div class=\"bt_bb_column_content_inner\"><header class=\"bt_bb_headline bt_bb_dash_none bt_bb_size_inherit bt_bb_align_center\" data-bt-override-class=\"{&quot;bt_bb_align_&quot;:{&quot;current_class&quot;:&quot;bt_bb_align_center&quot;,&quot;xxl&quot;:&quot;center&quot;,&quot;xl&quot;:&quot;center&quot;}}\"><h1 style=\"font-size:32px\" class=\"bt_bb_headline_tag\"><span class=\"bt_bb_headline_content\"><span>Der Leitfaden f\u00fcr einvernehmliche Scheidung<\/span><\/span><\/h1><\/header><\/div><\/div><\/div><\/div><\/div><\/div><!-- cell_inner --><\/div><!-- cell --><\/div><!-- port --><\/section><section id=\"bt_bb_section69dff08a8afdc\" class=\"bt_bb_section bt_bb_layout_boxed_1200 bt_bb_vertical_align_top bt_bb_top_spacing_normal\"  data-bt-override-class=\"null\"><div class=\"bt_bb_port\"><div class=\"bt_bb_cell\"><div class=\"bt_bb_cell_inner\"><div class=\"bt_bb_row \"  data-bt-override-class=\"{}\"><div class=\"bt_bb_row_holder\" ><div  class=\"bt_bb_column col-xl-12 bt_bb_align_right bt_bb_padding_normal\"  data-width=\"12\" data-bt-override-class=\"{}\"><div class=\"bt_bb_column_content bt_bb_vertical_align_top bt_bb_color_scheme_\"><div class=\"bt_bb_column_content_inner\"><div class=\"bt_bb_button article_btn link-button bt_bb_style_outline bt_bb_size_large bt_bb_width_inline bt_bb_shape_inherit bt_bb_align_inherit\" data-bt-override-class=\"{}\"><a href=\"\/de\/register\/\" target=\"_self\" class=\"bt_bb_link\" title=\"Leitfaden runterladen\"><span class=\"bt_bb_button_text\">Leitfaden runterladen<\/span><\/a><\/div><\/div><\/div><\/div><\/div><\/div><\/div><!-- cell_inner --><\/div><!-- cell --><\/div><!-- port --><\/section><section id=\"bt_bb_section69dff08a8b4aa\" class=\"bt_bb_section bt_bb_layout_boxed_1200 bt_bb_vertical_align_top bt_bb_top_spacing_normal bt_bb_bottom_spacing_normal\"  data-bt-override-class=\"null\"><div class=\"bt_bb_port\"><div class=\"bt_bb_cell\"><div class=\"bt_bb_cell_inner\"><div class=\"bt_bb_row \"  data-bt-override-class=\"{}\"><div class=\"bt_bb_row_holder\" ><div  class=\"bt_bb_column col-xl-12 bt_bb_align_left bt_bb_padding_normal\"  data-width=\"12\" data-bt-override-class=\"{}\"><div class=\"bt_bb_column_content bt_bb_vertical_align_top bt_bb_color_scheme_\"><div class=\"bt_bb_column_content_inner\"><div  class=\"bt_bb_text\" ><\/p>\n<div class=\"article_contents_wrap\">\n<div class=\"article_contents\">\n<div class=\"article_contents__text\" style=\"font-weight: bold;\">Trennung oder Scheidung, alles was man wissen muss<\/div>\n<div class=\"article_contents__page\" style=\"font-weight: normal;\">3<\/div>\n<\/div>\n<div class=\"article_contents\">\n<div class=\"article_contents__text\" style=\"font-weight: normal; padding-left: 25px;\">Weshalb sich scheiden lassen?<\/div>\n<div class=\"article_contents__page\" style=\"font-weight: normal;\">3<\/div>\n<\/div>\n<div class=\"article_contents\">\n<div class=\"article_contents__text\" style=\"font-weight: normal; padding-left: 25px;\">Scheidung oder Trennung: Wo liegt der Unterschied?<\/div>\n<div class=\"article_contents__page\" style=\"font-weight: normal;\">3<\/div>\n<\/div>\n<div class=\"article_contents\">\n<div class=\"article_contents__text\" style=\"font-weight: bold;\">Das Scheidungs- oder Trennungsverfahren<\/div>\n<div class=\"article_contents__page\" style=\"font-weight: normal;\">4<\/div>\n<\/div>\n<div class=\"article_contents\">\n<div class=\"article_contents__text\" style=\"font-weight: normal; padding-left: 25px;\">Das Gerichtsverfahren: Gemeinsamer Antrag oder einseitiger Antrag<\/div>\n<div class=\"article_contents__page\" style=\"font-weight: normal;\">4<\/div>\n<\/div>\n<div class=\"article_contents\">\n<div class=\"article_contents__text\" style=\"font-weight: normal; padding-left: 25px;\">Aussergerichtliches Verfahren ohne Anwalt (einvernehmlich)<\/div>\n<div class=\"article_contents__page\" style=\"font-weight: normal;\">5<\/div>\n<\/div>\n<div class=\"article_contents\">\n<div class=\"article_contents__text\" style=\"font-weight: bold;\">Kinder in der Scheidung: gemeinsame Elternschaft, elterliche Sorge, Obhut und<br \/>\nUmgangsrecht<\/div>\n<div class=\"article_contents__page\" style=\"font-weight: normal;\">5<\/div>\n<\/div>\n<div class=\"article_contents\">\n<div class=\"article_contents__text\" style=\"font-weight: normal; padding-left: 25px;\">Die Festlegung der Unterhaltsbeitr\u00e4ge<\/div>\n<div class=\"article_contents__page\" style=\"font-weight: normal;\">6<\/div>\n<\/div>\n<div class=\"article_contents\">\n<div class=\"article_contents__text\" style=\"font-weight: normal; padding-left: 25px;\">F\u00fcr die Kinder<\/div>\n<div class=\"article_contents__page\" style=\"font-weight: normal;\">6<\/div>\n<\/div>\n<div class=\"article_contents\">\n<div class=\"article_contents__text\" style=\"font-weight: normal; padding-left: 25px;\">Unter Ehegatten<\/div>\n<div class=\"article_contents__page\" style=\"font-weight: normal;\">7<\/div>\n<\/div>\n<div class=\"article_contents\">\n<div class=\"article_contents__text\" style=\"font-weight: normal; padding-left: 25px;\">Familienzulagen<\/div>\n<div class=\"article_contents__page\" style=\"font-weight: normal;\">7<\/div>\n<\/div>\n<div class=\"article_contents\">\n<div class=\"article_contents__text\" style=\"font-weight: bold;\">Finanzen und Verm\u00f6gen<\/div>\n<div class=\"article_contents__page\" style=\"font-weight: normal;\">7<\/div>\n<\/div>\n<div class=\"article_contents\">\n<div class=\"article_contents__text\" style=\"font-weight: normal; padding-left: 25px;\">Die ehelichen G\u00fcterst\u00e4nde<\/div>\n<div class=\"article_contents__page\" style=\"font-weight: normal;\">7<\/div>\n<\/div>\n<div class=\"article_contents\">\n<div class=\"article_contents__text\" style=\"font-weight: normal; padding-left: 25px;\">Die Aufl\u00f6sung des G\u00fcterstandes<\/div>\n<div class=\"article_contents__page\" style=\"font-weight: normal;\">8<\/div>\n<\/div>\n<div class=\"article_contents\">\n<div class=\"article_contents__text\" style=\"font-weight: normal; padding-left: 25px;\">Schulden<\/div>\n<div class=\"article_contents__page\" style=\"font-weight: normal;\">8<\/div>\n<\/div>\n<div class=\"article_contents\">\n<div class=\"article_contents__text\" style=\"font-weight: normal; padding-left: 25px;\">Die Aufteilung der zweiten S\u00e4ule (BVG)<\/div>\n<div class=\"article_contents__page\" style=\"font-weight: normal;\">8<\/div>\n<\/div>\n<div class=\"article_contents\">\n<div class=\"article_contents__text\" style=\"font-weight: normal; padding-left: 25px;\">Steuern<\/div>\n<div class=\"article_contents__page\" style=\"font-weight: normal;\">9<\/div>\n<\/div>\n<div class=\"article_contents\">\n<div class=\"article_contents__text\" style=\"font-weight: bold;\">Die zuweisung der ehelichen Wohnung<\/div>\n<div class=\"article_contents__page\" style=\"font-weight: normal;\">9<\/div>\n<\/div>\n<div class=\"article_contents\">\n<div class=\"article_contents__text\" style=\"font-weight: normal; padding-left: 25px;\">Anh\u00f6rung<\/div>\n<div class=\"article_contents__page\" style=\"font-weight: normal;\">10<\/div>\n<\/div>\n<div class=\"article_contents\">\n<div class=\"article_contents__text\" style=\"font-weight: normal; padding-left: 25px;\">Namens\u00e4nderung<\/div>\n<div class=\"article_contents__page\" style=\"font-weight: normal;\">10<\/div>\n<\/div>\n<div class=\"article_contents\">\n<div class=\"article_contents__text\" style=\"font-weight: bold;\">Was ist einvernehmliche-scheidung.ch und wie arbeiten wir?<\/div>\n<div class=\"article_contents__page\" style=\"font-weight: normal;\">10<\/div>\n<\/div>\n<div class=\"article_contents\" style=\"display: flex; justify-content: space-between;\">\n<div class=\"article_contents__text\" style=\"font-weight: bold;\">Kontakt<\/div>\n<div class=\"article_contents__page\" style=\"font-weight: normal;\">12<\/div>\n<\/div>\n<\/div>\n<p>\n<\/div><\/div><\/div><\/div><\/div><\/div><\/div><!-- cell_inner --><\/div><!-- cell --><\/div><!-- port --><\/section><section id=\"bt_bb_section69dff08a8bbd8\" class=\"bt_bb_section bt_bb_layout_boxed_1200 bt_bb_vertical_align_top bt_bb_top_spacing_normal\"  data-bt-override-class=\"null\"><div class=\"bt_bb_port\"><div class=\"bt_bb_cell\"><div class=\"bt_bb_cell_inner\"><div class=\"bt_bb_row \"  data-bt-override-class=\"{}\"><div class=\"bt_bb_row_holder\" ><div  class=\"bt_bb_column col-xl-6 bt_bb_align_left bt_bb_padding_double\"  data-width=\"6\" data-bt-override-class=\"{}\"><div class=\"bt_bb_column_content bt_bb_vertical_align_top bt_bb_color_scheme_\"><div class=\"bt_bb_column_content_inner\"><header class=\"bt_bb_headline guide-title bt_bb_dash_none bt_bb_size_inherit bt_bb_align_inherit guide-title\" data-bt-override-class=\"{&quot;bt_bb_align_&quot;:{&quot;current_class&quot;:&quot;bt_bb_align_inherit&quot;,&quot;xxl&quot;:&quot;inherit&quot;,&quot;xl&quot;:&quot;inherit&quot;}}\"><h2 style=\"font-size:28px\" class=\"bt_bb_headline_tag\"><span class=\"bt_bb_headline_content\"><span>Trennung oder scheidung, alles was man wissen muss<\/span><\/span><\/h2><\/header><header class=\"bt_bb_headline guide-subtitle bt_bb_dash_none bt_bb_size_inherit bt_bb_align_left guide-subtitle\" data-bt-override-class=\"{&quot;bt_bb_align_&quot;:{&quot;current_class&quot;:&quot;bt_bb_align_left&quot;,&quot;xxl&quot;:&quot;left&quot;,&quot;xl&quot;:&quot;left&quot;}}\"><h3 style=\"font-size:24px\" class=\"bt_bb_headline_tag\"><span class=\"bt_bb_headline_content\"><span>Weshalb sich scheiden lassen?<\/span><\/span><\/h3><\/header><div  class=\"bt_bb_text\" ><\/p>\n<p align=\"JUSTIFY\"><img fetchpriority=\"high\" decoding=\"async\" class=\"alignnone size-full wp-image-6475 right-float padding-10 max-250\" src=\"http:\/\/amiable-test.ch\/wp-content\/uploads\/2022\/11\/Guide1.png\" alt=\"\" width=\"271\" height=\"248\" \/>Die Entscheidung, sich scheiden zu lassen, ist nicht einfach. Manchmal fragt man sich verst\u00e4ndlicherweise, ob das wirklich der richtige Weg ist. Man hat aus einem bestimmten Grund geheiratet und es ist schwer, damit abzuschliessen. Man war eine eingeschworene Familie und m\u00f6chte dieses Gleichgewicht nicht ersch\u00fcttern.<br \/>\nAber andererseits nimmt das Leben manchmal einen anderen Lauf, es kann Ver\u00e4nderungen f\u00fcr geben, die das Konsequenzen Zusammenleben mit sich bringen.<\/p>\n<p><img decoding=\"async\" class=\"alignnone size-full wp-image-6474 left-float padding-10 max-250\" src=\"http:\/\/amiable-test.ch\/wp-content\/uploads\/2022\/11\/Guide2.png\" alt=\"\" width=\"322\" height=\"287\" srcset=\"https:\/\/amiable.ch\/wp-content\/uploads\/2022\/11\/Guide2.png 322w, https:\/\/amiable.ch\/wp-content\/uploads\/2022\/11\/Guide2-320x285.png 320w\" sizes=\"(max-width: 322px) 100vw, 322px\" \/>Wenn es zu Spannungen kommt und jeder Partner andere Interessen entwickelt oder die Dinge auf andere Weise angeht, ist es vielleicht besser, sich der Realit\u00e4t zu stellen. Wenn Sie sich nicht um sich selbst k\u00fcmmern und sich aufopfern, um Ihre retten, verlieren Beziehung Sie zu m\u00f6glicherweise viel Energie, ohne dass Sie oder Ihr Partner das bekommen, was Sie sich erhoffen. \u00abF\u00fcr die Kinder bleiben\u00bb z.B. ist nicht unbedingt eine gute L\u00f6sung. Kinder reagieren empfindlich auf die Stimmung ihrer Eltern. Mit einer einvernehmlichen Scheidung k\u00f6nnen Sie das alles so regeln, wie Sie es f\u00fcr richtig halten, und es gelingt Ihnen, Ihr Leben nach der Scheidung angemessener zu gestalten. Ihr Kind wird mit getrennten, aber gl\u00fccklichen Eltern potenziell ausgeglichener sein als mit zusammenlebenden Eltern, die sich st\u00e4ndig streiten. Auch wenn Sie getrennt sing, wird die gemeinsame Elternschaft fortbestehen.<\/p>\n<p>\n<\/div><\/div><\/div><\/div><div  class=\"bt_bb_column col-xl-6 bt_bb_align_left bt_bb_padding_double\"  data-width=\"6\" data-bt-override-class=\"{}\"><div class=\"bt_bb_column_content bt_bb_vertical_align_top bt_bb_color_scheme_\"><div class=\"bt_bb_column_content_inner\"><div  class=\"bt_bb_text\" ><\/p>\n<p align=\"JUSTIFY\"><img decoding=\"async\" class=\"alignnone size-full wp-image-6473 right-float padding-10 max-250\" src=\"http:\/\/amiable-test.ch\/wp-content\/uploads\/2022\/11\/Guide3.png\" alt=\"\" width=\"385\" height=\"312\" srcset=\"https:\/\/amiable.ch\/wp-content\/uploads\/2022\/11\/Guide3.png 385w, https:\/\/amiable.ch\/wp-content\/uploads\/2022\/11\/Guide3-320x259.png 320w\" sizes=\"(max-width: 385px) 100vw, 385px\" \/>Die Bedeutung und der Wert eines Familienlebens sind nat\u00fcrlich nicht zu vernachl\u00e4ssigen, und unser Ziel hier ist es keinesfalls, f\u00fcr Scheidung zu werben. Paare, die sich f\u00fcr eine Trennung oder Scheidung entscheiden, k\u00f6nnen diese jedoch dank unserer Dienstleistungen auf die beste Art und Weise durchf\u00fchren: einvernehmlich und unter Ber\u00fccksichtigung der Bed\u00fcrfnisse aller Betroffenen.<\/p>\n<p align=\"JUSTIFY\"><strong>&#8230;bitte laden Sie den Leitfaden herunter um die weiteren Kapitel zu lesen&#8230;<\/strong><\/p>\n<p>\n<\/div><\/div><\/div><\/div><\/div><\/div><\/div><!-- cell_inner --><\/div><!-- cell --><\/div><!-- port --><\/section><section id=\"bt_bb_section69dff08a8c3b6\" class=\"bt_bb_section bt_bb_layout_boxed_1200 bt_bb_vertical_align_top bt_bb_top_spacing_normal\"  data-bt-override-class=\"null\"><div class=\"bt_bb_port\"><div class=\"bt_bb_cell\"><div class=\"bt_bb_cell_inner\"><div class=\"bt_bb_row \"  data-bt-override-class=\"{}\"><div class=\"bt_bb_row_holder\" ><div  class=\"bt_bb_column col-xl-12 bt_bb_align_right bt_bb_padding_normal\"  data-width=\"12\" data-bt-override-class=\"{}\"><div class=\"bt_bb_column_content bt_bb_vertical_align_top bt_bb_color_scheme_\"><div class=\"bt_bb_column_content_inner\"><div class=\"bt_bb_button article_btn link-button bt_bb_style_outline bt_bb_size_large bt_bb_width_inline bt_bb_shape_inherit bt_bb_align_inherit\" data-bt-override-class=\"{}\"><a href=\"\/de\/register\/\" target=\"_self\" class=\"bt_bb_link\" title=\"Leitfaden runterladen\"><span class=\"bt_bb_button_text\">Leitfaden runterladen<\/span><\/a><\/div><\/div><\/div><\/div><\/div><\/div><\/div><!-- cell_inner --><\/div><!-- cell --><\/div><!-- port --><\/section><section id=\"bt_bb_section69dff08a8c6b4\" class=\"bt_bb_section bt_bb_layout_boxed_1200\"  data-bt-override-class=\"null\"><div class=\"bt_bb_port\"><div class=\"bt_bb_cell\"><div class=\"bt_bb_cell_inner\"><div class=\"bt_bb_row \"  data-bt-override-class=\"{}\"><div class=\"bt_bb_row_holder\" ><div  class=\"bt_bb_column col-xl-12 bt_bb_align_left bt_bb_padding_normal\"  data-width=\"12\" data-bt-override-class=\"{}\"><div class=\"bt_bb_column_content bt_bb_vertical_align_top bt_bb_color_scheme_\"><div class=\"bt_bb_column_content_inner\"><div class=\"bt_bb_separator bt_bb_border_style_none bt_bb_top_spacing_medium bt_bb_bottom_spacing_medium\" data-bt-override-class=\"null\"><\/div><\/div><\/div><\/div><\/div><\/div><\/div><!-- cell_inner --><\/div><!-- cell --><\/div><!-- port --><\/section><\/p>\n","protected":false},"excerpt":{"rendered":"","protected":false},"author":20,"featured_media":0,"parent":0,"menu_order":0,"comment_status":"closed","ping_status":"closed","template":"","meta":{"_acf_changed":false,"_monsterinsights_skip_tracking":false,"_monsterinsights_sitenote_active":false,"_monsterinsights_sitenote_note":"","_monsterinsights_sitenote_category":0,"_locale":"de_DE","_original_post":"http:\/\/localhost\/separate\/?page_id=6402","footnotes":""},"class_list":["post-6470","page","type-page","status-publish","hentry","de-DE"],"acf":[],"yoast_head":"<!-- This site is optimized with the Yoast SEO Premium plugin v25.5 (Yoast SEO v25.5) - https:\/\/yoast.com\/wordpress\/plugins\/seo\/ -->\n<title>Der Leitfaden f\u00fcr einvernehmliche Scheidung - amiable.ch<\/title>\n<meta name=\"robots\" content=\"index, follow, max-snippet:-1, max-image-preview:large, max-video-preview:-1\" \/>\n<link rel=\"canonical\" href=\"https:\/\/amiable.ch\/de\/guide-to-divorce\/\" \/>\n<meta property=\"og:locale\" content=\"de_DE\" \/>\n<meta property=\"og:type\" content=\"article\" \/>\n<meta property=\"og:title\" content=\"Der Leitfaden f\u00fcr einvernehmliche Scheidung\" \/>\n<meta property=\"og:url\" content=\"https:\/\/amiable.ch\/de\/guide-to-divorce\/\" \/>\n<meta property=\"og:site_name\" content=\"amiable.ch\" \/>\n<meta property=\"article:modified_time\" content=\"2022-11-25T05:39:12+00:00\" \/>\n<meta property=\"og:image\" content=\"https:\/\/amiable.ch\/wp-content\/uploads\/2022\/11\/Guide1.png\" \/>\n\t<meta property=\"og:image:width\" content=\"271\" \/>\n\t<meta property=\"og:image:height\" content=\"248\" \/>\n\t<meta property=\"og:image:type\" content=\"image\/png\" \/>\n<meta name=\"twitter:card\" content=\"summary_large_image\" \/>\n<meta name=\"twitter:label1\" content=\"Gesch\u00e4tzte Lesezeit\" \/>\n\t<meta name=\"twitter:data1\" content=\"4\u00a0Minuten\" \/>\n<script type=\"application\/ld+json\" class=\"yoast-schema-graph\">{\"@context\":\"https:\/\/schema.org\",\"@graph\":[{\"@type\":\"WebPage\",\"@id\":\"https:\/\/amiable.ch\/de\/guide-to-divorce\/\",\"url\":\"https:\/\/amiable.ch\/de\/guide-to-divorce\/\",\"name\":\"Der Leitfaden f\u00fcr einvernehmliche Scheidung - amiable.ch\",\"isPartOf\":{\"@id\":\"https:\/\/amiable.ch\/de\/#website\"},\"primaryImageOfPage\":{\"@id\":\"https:\/\/amiable.ch\/de\/guide-to-divorce\/#primaryimage\"},\"image\":{\"@id\":\"https:\/\/amiable.ch\/de\/guide-to-divorce\/#primaryimage\"},\"thumbnailUrl\":\"http:\/\/amiable-test.ch\/wp-content\/uploads\/2022\/11\/Guide1.png\",\"datePublished\":\"2022-11-23T05:35:30+00:00\",\"dateModified\":\"2022-11-25T05:39:12+00:00\",\"breadcrumb\":{\"@id\":\"https:\/\/amiable.ch\/de\/guide-to-divorce\/#breadcrumb\"},\"inLanguage\":\"de\",\"potentialAction\":[{\"@type\":\"ReadAction\",\"target\":[\"https:\/\/amiable.ch\/de\/guide-to-divorce\/\"]}]},{\"@type\":\"ImageObject\",\"inLanguage\":\"de\",\"@id\":\"https:\/\/amiable.ch\/de\/guide-to-divorce\/#primaryimage\",\"url\":\"http:\/\/amiable-test.ch\/wp-content\/uploads\/2022\/11\/Guide1.png\",\"contentUrl\":\"http:\/\/amiable-test.ch\/wp-content\/uploads\/2022\/11\/Guide1.png\"},{\"@type\":\"BreadcrumbList\",\"@id\":\"https:\/\/amiable.ch\/de\/guide-to-divorce\/#breadcrumb\",\"itemListElement\":[{\"@type\":\"ListItem\",\"position\":1,\"name\":\"Home\",\"item\":\"https:\/\/amiable.ch\/de\/\"},{\"@type\":\"ListItem\",\"position\":2,\"name\":\"Der Leitfaden f\u00fcr einvernehmliche Scheidung\"}]},{\"@type\":\"WebSite\",\"@id\":\"https:\/\/amiable.ch\/de\/#website\",\"url\":\"https:\/\/amiable.ch\/de\/\",\"name\":\"amiable.ch\",\"description\":\"\",\"potentialAction\":[{\"@type\":\"SearchAction\",\"target\":{\"@type\":\"EntryPoint\",\"urlTemplate\":\"https:\/\/amiable.ch\/de\/?s={search_term_string}\"},\"query-input\":{\"@type\":\"PropertyValueSpecification\",\"valueRequired\":true,\"valueName\":\"search_term_string\"}}],\"inLanguage\":\"de\"},{\"@type\":\"ImageObject\",\"inLanguage\":\"de\",\"@id\":\"https:\/\/amiable.ch\/de\/guide-to-divorce\/#local-main-organization-logo\",\"url\":\"\",\"contentUrl\":\"\",\"caption\":\"amiable.ch\"}]}<\/script>\n<meta name=\"geo.placename\" content=\"Morges\" \/>\n<meta name=\"geo.region\" content=\"Schweiz\" \/>\n<!-- \/ Yoast SEO Premium plugin. -->","yoast_head_json":{"title":"Der Leitfaden f\u00fcr einvernehmliche Scheidung - amiable.ch","robots":{"index":"index","follow":"follow","max-snippet":"max-snippet:-1","max-image-preview":"max-image-preview:large","max-video-preview":"max-video-preview:-1"},"canonical":"https:\/\/amiable.ch\/de\/guide-to-divorce\/","og_locale":"de_DE","og_type":"article","og_title":"Der Leitfaden f\u00fcr einvernehmliche Scheidung","og_url":"https:\/\/amiable.ch\/de\/guide-to-divorce\/","og_site_name":"amiable.ch","article_modified_time":"2022-11-25T05:39:12+00:00","og_image":[{"width":271,"height":248,"url":"https:\/\/amiable.ch\/wp-content\/uploads\/2022\/11\/Guide1.png","type":"image\/png"}],"twitter_card":"summary_large_image","twitter_misc":{"Gesch\u00e4tzte Lesezeit":"4\u00a0Minuten"},"schema":{"@context":"https:\/\/schema.org","@graph":[{"@type":"WebPage","@id":"https:\/\/amiable.ch\/de\/guide-to-divorce\/","url":"https:\/\/amiable.ch\/de\/guide-to-divorce\/","name":"Der Leitfaden f\u00fcr einvernehmliche Scheidung - amiable.ch","isPartOf":{"@id":"https:\/\/amiable.ch\/de\/#website"},"primaryImageOfPage":{"@id":"https:\/\/amiable.ch\/de\/guide-to-divorce\/#primaryimage"},"image":{"@id":"https:\/\/amiable.ch\/de\/guide-to-divorce\/#primaryimage"},"thumbnailUrl":"http:\/\/amiable-test.ch\/wp-content\/uploads\/2022\/11\/Guide1.png","datePublished":"2022-11-23T05:35:30+00:00","dateModified":"2022-11-25T05:39:12+00:00","breadcrumb":{"@id":"https:\/\/amiable.ch\/de\/guide-to-divorce\/#breadcrumb"},"inLanguage":"de","potentialAction":[{"@type":"ReadAction","target":["https:\/\/amiable.ch\/de\/guide-to-divorce\/"]}]},{"@type":"ImageObject","inLanguage":"de","@id":"https:\/\/amiable.ch\/de\/guide-to-divorce\/#primaryimage","url":"http:\/\/amiable-test.ch\/wp-content\/uploads\/2022\/11\/Guide1.png","contentUrl":"http:\/\/amiable-test.ch\/wp-content\/uploads\/2022\/11\/Guide1.png"},{"@type":"BreadcrumbList","@id":"https:\/\/amiable.ch\/de\/guide-to-divorce\/#breadcrumb","itemListElement":[{"@type":"ListItem","position":1,"name":"Home","item":"https:\/\/amiable.ch\/de\/"},{"@type":"ListItem","position":2,"name":"Der Leitfaden f\u00fcr einvernehmliche Scheidung"}]},{"@type":"WebSite","@id":"https:\/\/amiable.ch\/de\/#website","url":"https:\/\/amiable.ch\/de\/","name":"amiable.ch","description":"","potentialAction":[{"@type":"SearchAction","target":{"@type":"EntryPoint","urlTemplate":"https:\/\/amiable.ch\/de\/?s={search_term_string}"},"query-input":{"@type":"PropertyValueSpecification","valueRequired":true,"valueName":"search_term_string"}}],"inLanguage":"de"},{"@type":"ImageObject","inLanguage":"de","@id":"https:\/\/amiable.ch\/de\/guide-to-divorce\/#local-main-organization-logo","url":"","contentUrl":"","caption":"amiable.ch"}]},"geo.placename":"Morges","geo.region":"Schweiz"},"_links":{"self":[{"href":"https:\/\/amiable.ch\/wp-json\/wp\/v2\/pages\/6470","targetHints":{"allow":["GET"]}}],"collection":[{"href":"https:\/\/amiable.ch\/wp-json\/wp\/v2\/pages"}],"about":[{"href":"https:\/\/amiable.ch\/wp-json\/wp\/v2\/types\/page"}],"author":[{"embeddable":true,"href":"https:\/\/amiable.ch\/wp-json\/wp\/v2\/users\/20"}],"replies":[{"embeddable":true,"href":"https:\/\/amiable.ch\/wp-json\/wp\/v2\/comments?post=6470"}],"version-history":[{"count":8,"href":"https:\/\/amiable.ch\/wp-json\/wp\/v2\/pages\/6470\/revisions"}],"predecessor-version":[{"id":6506,"href":"https:\/\/amiable.ch\/wp-json\/wp\/v2\/pages\/6470\/revisions\/6506"}],"wp:attachment":[{"href":"https:\/\/amiable.ch\/wp-json\/wp\/v2\/media?parent=6470"}],"curies":[{"name":"wp","href":"https:\/\/api.w.org\/{rel}","templated":true}]}}